{"id":37,"date":"2020-03-05T17:24:14","date_gmt":"2020-03-05T20:24:14","guid":{"rendered":"https:\/\/evento.digital\/sbdgo\/22radeco\/?page_id=37"},"modified":"2021-03-01T07:00:40","modified_gmt":"2021-03-01T10:00:40","slug":"inscricoes-online","status":"publish","type":"page","link":"https:\/\/evento.digital\/sbdgo\/22radeco\/inscricoes-online\/","title":{"rendered":"Inscri\u00e7\u00f5es Online"},"content":{"rendered":"\t\t<div data-elementor-type=\"wp-page\" data-elementor-id=\"37\" class=\"elementor elementor-37\" data-elementor-settings=\"[]\">\n\t\t\t\t\t\t<div class=\"elementor-inner\">\n\t\t\t\t\t\t\t<div class=\"elementor-section-wrap\">\n\t\t\t\t\t\t\t<section class=\"elementor-section elementor-top-section elementor-element elementor-element-ad9b273 elementor-section-boxed elementor-section-height-default elementor-section-height-default\" data-id=\"ad9b273\" data-element_type=\"section\">\n\t\t\t\t\t\t<div class=\"elementor-container elementor-column-gap-default\">\n\t\t\t\t\t\t\t<div class=\"elementor-row\">\n\t\t\t\t\t<div class=\"elementor-column elementor-col-100 elementor-top-column elementor-element elementor-element-8d6fb2f\" data-id=\"8d6fb2f\" data-element_type=\"column\">\n\t\t\t<div class=\"elementor-column-wrap elementor-element-populated\">\n\t\t\t\t\t\t\t<div class=\"elementor-widget-wrap\">\n\t\t\t\t\t\t<div class=\"elementor-element elementor-element-c4de8fc elementor-widget elementor-widget-spacer\" data-id=\"c4de8fc\" data-element_type=\"widget\" data-widget_type=\"spacer.default\">\n\t\t\t\t<div class=\"elementor-widget-container\">\n\t\t\t\t\t<div class=\"elementor-spacer\">\n\t\t\t<div class=\"elementor-spacer-inner\"><\/div>\n\t\t<\/div>\n\t\t\t\t<\/div>\n\t\t\t\t<\/div>\n\t\t\t\t\t\t<\/div>\n\t\t\t\t\t<\/div>\n\t\t<\/div>\n\t\t\t\t\t\t\t\t<\/div>\n\t\t\t\t\t<\/div>\n\t\t<\/section>\n\t\t\t\t<section class=\"elementor-section elementor-top-section elementor-element elementor-element-f39a437 elementor-section-boxed elementor-section-height-default elementor-section-height-default\" data-id=\"f39a437\" data-element_type=\"section\">\n\t\t\t\t\t\t<div class=\"elementor-container elementor-column-gap-default\">\n\t\t\t\t\t\t\t<div class=\"elementor-row\">\n\t\t\t\t\t<div class=\"elementor-column elementor-col-100 elementor-top-column elementor-element elementor-element-bd09471\" data-id=\"bd09471\" data-element_type=\"column\">\n\t\t\t<div class=\"elementor-column-wrap elementor-element-populated\">\n\t\t\t\t\t\t\t<div class=\"elementor-widget-wrap\">\n\t\t\t\t\t\t<div class=\"elementor-element elementor-element-319a80f elementor-widget elementor-widget-heading\" data-id=\"319a80f\" data-element_type=\"widget\" data-widget_type=\"heading.default\">\n\t\t\t\t<div class=\"elementor-widget-container\">\n\t\t\t<h2 class=\"elementor-heading-title elementor-size-default\">Inscri\u00e7\u00f5es Online<\/h2>\t\t<\/div>\n\t\t\t\t<\/div>\n\t\t\t\t\t\t<\/div>\n\t\t\t\t\t<\/div>\n\t\t<\/div>\n\t\t\t\t\t\t\t\t<\/div>\n\t\t\t\t\t<\/div>\n\t\t<\/section>\n\t\t\t\t<section class=\"elementor-section elementor-top-section elementor-element elementor-element-562b49b elementor-section-boxed elementor-section-height-default elementor-section-height-default\" data-id=\"562b49b\" data-element_type=\"section\">\n\t\t\t\t\t\t<div class=\"elementor-container elementor-column-gap-default\">\n\t\t\t\t\t\t\t<div class=\"elementor-row\">\n\t\t\t\t\t<div class=\"elementor-column elementor-col-100 elementor-top-column elementor-element elementor-element-8c6dd9d\" data-id=\"8c6dd9d\" data-element_type=\"column\">\n\t\t\t<div class=\"elementor-column-wrap elementor-element-populated\">\n\t\t\t\t\t\t\t<div class=\"elementor-widget-wrap\">\n\t\t\t\t\t\t<div class=\"elementor-element elementor-element-061035b elementor-widget elementor-widget-text-editor\" data-id=\"061035b\" data-element_type=\"widget\" data-widget_type=\"text-editor.default\">\n\t\t\t\t<div class=\"elementor-widget-container\">\n\t\t\t\t\t<div class=\"elementor-text-editor elementor-clearfix\"><\/div>\n\t\t\t\t<\/div>\n\t\t\t\t<\/div>\n\t\t\t\t\t\t<\/div>\n\t\t\t\t\t<\/div>\n\t\t<\/div>\n\t\t\t\t\t\t\t\t<\/div>\n\t\t\t\t\t<\/div>\n\t\t<\/section>\n\t\t\t\t<section class=\"elementor-section elementor-top-section elementor-element elementor-element-b4add07 elementor-section-boxed elementor-section-height-default elementor-section-height-default\" data-id=\"b4add07\" data-element_type=\"section\">\n\t\t\t\t\t\t<div class=\"elementor-container elementor-column-gap-default\">\n\t\t\t\t\t\t\t<div class=\"elementor-row\">\n\t\t\t\t\t<div class=\"elementor-column elementor-col-100 elementor-top-column elementor-element elementor-element-cae01af\" data-id=\"cae01af\" data-element_type=\"column\">\n\t\t\t<div class=\"elementor-column-wrap elementor-element-populated\">\n\t\t\t\t\t\t\t<div class=\"elementor-widget-wrap\">\n\t\t\t\t\t\t<div class=\"elementor-element elementor-element-b171d3c pp-table-center elementor-widget elementor-widget-pp-table\" data-id=\"b171d3c\" data-element_type=\"widget\" data-settings=\"{&quot;table_type&quot;:&quot;responsive&quot;,&quot;scrollable&quot;:&quot;no&quot;}\" data-widget_type=\"pp-table.default\">\n\t\t\t\t<div class=\"elementor-widget-container\">\n\t\t\t        <div class=\"pp-table-container\">\n            <table class=\"pp-table tablesaw\" data-tablesaw-mode=\"stack\">\n                            <colgroup>\n                                <col\n                     span=\"1\"\n                     class=\"elementor-repeater-item-649aa82\"\n                                             style=\"\n                                                                        \"\n                                          >\n                            <\/colgroup>\n                    <thead>\n            <tr class=\"pp-table-row\">\n                <th class=\"pp-table-cell pp-table-cell-f8a3580\"><span class=\"pp-table-cell-content\"><span class=\"pp-table-cell-text\"> <\/span><\/span><\/th><th class=\"pp-table-cell pp-table-cell-f65d797 tbValor\"><span class=\"pp-table-cell-content\"><span class=\"pp-table-cell-text\">Valor<\/span><\/span><\/th>            <\/tr>\n        <\/thead>\n                <tfoot>\n            <\/tr>        <\/tfoot>\n                <tbody>\n            <tr ><td class=\"pp-table-cell pp-table-cell-79b7bcc\"><span class=\"pp-table-cell-content\"><span class=\"pp-table-cell-text\">Parte Te\u00f3rica On-line S\u00f3cio SBD<\/span><\/span><\/td><td class=\"pp-table-cell pp-table-cell-ffaf30c\"><span class=\"pp-table-cell-content\"><span class=\"pp-table-cell-text\">R$ 300,00<\/span><\/span><\/td><\/tr><tr ><td class=\"pp-table-cell pp-table-cell-f519a29\"><span class=\"pp-table-cell-content\"><span class=\"pp-table-cell-text\">Parte Te\u00f3rica On-line Residente Servi\u00e7o Credenciando SBD<\/span><\/span><\/td><td class=\"pp-table-cell pp-table-cell-d0d1c3f\"><span class=\"pp-table-cell-content\"><span class=\"pp-table-cell-text\">R$ 150,00<\/span><\/span><\/td><\/tr>        <\/tbody>\n                    <\/table>\n        <\/div>\n        \t\t<\/div>\n\t\t\t\t<\/div>\n\t\t\t\t<div class=\"elementor-element elementor-element-e3df89d elementor-widget elementor-widget-text-editor\" data-id=\"e3df89d\" data-element_type=\"widget\" data-widget_type=\"text-editor.default\">\n\t\t\t\t<div class=\"elementor-widget-container\">\n\t\t\t\t\t<div class=\"elementor-text-editor elementor-clearfix\"><p><\/p>\n<p><strong>Pol\u00edtica de Desist\u00eancia, Transfer\u00eancia e Reembolso de Inscri\u00e7\u00e3o<\/strong><\/p>\n<p>&#8211; Para desist\u00eancia at\u00e9 19\/02\/2021, a inscri\u00e7\u00e3o ser\u00e1 reembolsada com 50% do valor pago.<\/p>\n<p>&#8211; Ap\u00f3s dia 19\/02\/2021 n\u00e3o haver\u00e1 reembolso.<\/p>\n<p>&#8211; As transfer\u00eancias de inscri\u00e7\u00f5es poder\u00e3o ser feita at\u00e9 dia 01 de mar\u00e7o de 2021.<\/p>\n<p>&#8211; O pedido dever\u00e1 ser enviado para o e-mail:&nbsp;<a href=\"mailto:22radeco@equippeeventos.net\">22radeco@equippeeventos.net<\/a><\/p><\/div>\n\t\t\t\t<\/div>\n\t\t\t\t<\/div>\n\t\t\t\t<div class=\"elementor-element elementor-element-11557e7 elementor-button-info elementor-align-center elementor-widget elementor-widget-button\" data-id=\"11557e7\" data-element_type=\"widget\" data-widget_type=\"button.default\">\n\t\t\t\t<div class=\"elementor-widget-container\">\n\t\t\t\t\t<div class=\"elementor-button-wrapper\">\n\t\t\t<a href=\"https:\/\/goeventos.com.br\/equippeeventos\/22radeco\/inscOnline.asp\" target=\"_blank\" class=\"elementor-button-link elementor-button elementor-size-xl\" role=\"button\">\n\t\t\t\t\t\t<span class=\"elementor-button-content-wrapper\">\n\t\t\t\t\t\t<span class=\"elementor-button-text\">Clique aqui para se inscrever<\/span>\n\t\t<\/span>\n\t\t\t\t\t<\/a>\n\t\t<\/div>\n\t\t\t\t<\/div>\n\t\t\t\t<\/div>\n\t\t\t\t<div class=\"elementor-element elementor-element-9ec0900 elementor-widget elementor-widget-spacer\" data-id=\"9ec0900\" data-element_type=\"widget\" data-widget_type=\"spacer.default\">\n\t\t\t\t<div class=\"elementor-widget-container\">\n\t\t\t\t\t<div class=\"elementor-spacer\">\n\t\t\t<div class=\"elementor-spacer-inner\"><\/div>\n\t\t<\/div>\n\t\t\t\t<\/div>\n\t\t\t\t<\/div>\n\t\t\t\t\t\t<\/div>\n\t\t\t\t\t<\/div>\n\t\t<\/div>\n\t\t\t\t\t\t\t\t<\/div>\n\t\t\t\t\t<\/div>\n\t\t<\/section>\n\t\t\t\t\t\t<\/div>\n\t\t\t\t\t\t<\/div>\n\t\t\t\t\t<\/div>\n\t\t","protected":false},"excerpt":{"rendered":"<p>Inscri\u00e7\u00f5es Online Valor Parte Te\u00f3rica On-line S\u00f3cio SBD R$ 300,00 Parte Te\u00f3rica On-line Residente Servi\u00e7o Credenciando SBD R$ 150,00 Pol\u00edtica de Desist\u00eancia, Transfer\u00eancia e Reembolso de Inscri\u00e7\u00e3o &#8211; Para desist\u00eancia at\u00e9 19\/02\/2021, a inscri\u00e7\u00e3o ser\u00e1 reembolsada com 50% do valor pago. &#8211; Ap\u00f3s dia 19\/02\/2021 n\u00e3o haver\u00e1 reembolso. &#8211; As transfer\u00eancias de inscri\u00e7\u00f5es poder\u00e3o ser [&hellip;]<\/p>\n","protected":false},"author":1,"featured_media":0,"parent":0,"menu_order":0,"comment_status":"closed","ping_status":"closed","template":"","meta":[],"yst_prominent_words":[],"_links":{"self":[{"href":"https:\/\/evento.digital\/sbdgo\/22radeco\/wp-json\/wp\/v2\/pages\/37"}],"collection":[{"href":"https:\/\/evento.digital\/sbdgo\/22radeco\/wp-json\/wp\/v2\/pages"}],"about":[{"href":"https:\/\/evento.digital\/sbdgo\/22radeco\/wp-json\/wp\/v2\/types\/page"}],"author":[{"embeddable":true,"href":"https:\/\/evento.digital\/sbdgo\/22radeco\/wp-json\/wp\/v2\/users\/1"}],"replies":[{"embeddable":true,"href":"https:\/\/evento.digital\/sbdgo\/22radeco\/wp-json\/wp\/v2\/comments?post=37"}],"version-history":[{"count":30,"href":"https:\/\/evento.digital\/sbdgo\/22radeco\/wp-json\/wp\/v2\/pages\/37\/revisions"}],"predecessor-version":[{"id":142,"href":"https:\/\/evento.digital\/sbdgo\/22radeco\/wp-json\/wp\/v2\/pages\/37\/revisions\/142"}],"wp:attachment":[{"href":"https:\/\/evento.digital\/sbdgo\/22radeco\/wp-json\/wp\/v2\/media?parent=37"}],"wp:term":[{"taxonomy":"yst_prominent_words","embeddable":true,"href":"https:\/\/evento.digital\/sbdgo\/22radeco\/wp-json\/wp\/v2\/yst_prominent_words?post=37"}],"curies":[{"name":"wp","href":"https:\/\/api.w.org\/{rel}","templated":true}]}}