{"id":34,"date":"2020-03-05T17:22:34","date_gmt":"2020-03-05T20:22:34","guid":{"rendered":"https:\/\/evento.digital\/sbdgo\/22radeco\/?page_id=34"},"modified":"2021-02-28T19:42:17","modified_gmt":"2021-02-28T22:42:17","slug":"programacao","status":"publish","type":"page","link":"https:\/\/evento.digital\/sbdgo\/22radeco\/programacao\/","title":{"rendered":"Programa\u00e7\u00e3o"},"content":{"rendered":"\t\t<div data-elementor-type=\"wp-page\" data-elementor-id=\"34\" class=\"elementor elementor-34\" data-elementor-settings=\"[]\">\n\t\t\t\t\t\t<div class=\"elementor-inner\">\n\t\t\t\t\t\t\t<div class=\"elementor-section-wrap\">\n\t\t\t\t\t\t\t<section class=\"elementor-section elementor-top-section elementor-element elementor-element-9d81c92 elementor-section-boxed elementor-section-height-default elementor-section-height-default\" data-id=\"9d81c92\" data-element_type=\"section\">\n\t\t\t\t\t\t<div class=\"elementor-container elementor-column-gap-default\">\n\t\t\t\t\t\t\t<div class=\"elementor-row\">\n\t\t\t\t\t<div class=\"elementor-column elementor-col-100 elementor-top-column elementor-element elementor-element-0900801\" data-id=\"0900801\" data-element_type=\"column\">\n\t\t\t<div class=\"elementor-column-wrap elementor-element-populated\">\n\t\t\t\t\t\t\t<div class=\"elementor-widget-wrap\">\n\t\t\t\t\t\t<div class=\"elementor-element elementor-element-b896aa5 elementor-widget elementor-widget-spacer\" data-id=\"b896aa5\" data-element_type=\"widget\" data-widget_type=\"spacer.default\">\n\t\t\t\t<div class=\"elementor-widget-container\">\n\t\t\t\t\t<div class=\"elementor-spacer\">\n\t\t\t<div class=\"elementor-spacer-inner\"><\/div>\n\t\t<\/div>\n\t\t\t\t<\/div>\n\t\t\t\t<\/div>\n\t\t\t\t\t\t<\/div>\n\t\t\t\t\t<\/div>\n\t\t<\/div>\n\t\t\t\t\t\t\t\t<\/div>\n\t\t\t\t\t<\/div>\n\t\t<\/section>\n\t\t\t\t<section class=\"elementor-section elementor-top-section elementor-element elementor-element-d54aeac elementor-section-boxed elementor-section-height-default elementor-section-height-default\" data-id=\"d54aeac\" data-element_type=\"section\">\n\t\t\t\t\t\t<div class=\"elementor-container elementor-column-gap-default\">\n\t\t\t\t\t\t\t<div class=\"elementor-row\">\n\t\t\t\t\t<div class=\"elementor-column elementor-col-100 elementor-top-column elementor-element elementor-element-1e2508e\" data-id=\"1e2508e\" data-element_type=\"column\">\n\t\t\t<div class=\"elementor-column-wrap elementor-element-populated\">\n\t\t\t\t\t\t\t<div class=\"elementor-widget-wrap\">\n\t\t\t\t\t\t<div class=\"elementor-element elementor-element-29c467c elementor-widget elementor-widget-heading\" data-id=\"29c467c\" data-element_type=\"widget\" data-widget_type=\"heading.default\">\n\t\t\t\t<div class=\"elementor-widget-container\">\n\t\t\t<h2 class=\"elementor-heading-title elementor-size-default\">Programa\u00e7\u00e3o<\/h2>\t\t<\/div>\n\t\t\t\t<\/div>\n\t\t\t\t\t\t<\/div>\n\t\t\t\t\t<\/div>\n\t\t<\/div>\n\t\t\t\t\t\t\t\t<\/div>\n\t\t\t\t\t<\/div>\n\t\t<\/section>\n\t\t\t\t<section class=\"elementor-section elementor-top-section elementor-element elementor-element-5167d0c elementor-section-boxed elementor-section-height-default elementor-section-height-default\" data-id=\"5167d0c\" data-element_type=\"section\">\n\t\t\t\t\t\t<div class=\"elementor-container elementor-column-gap-default\">\n\t\t\t\t\t\t\t<div class=\"elementor-row\">\n\t\t\t\t\t<div class=\"elementor-column elementor-col-100 elementor-top-column elementor-element elementor-element-4d51a66\" data-id=\"4d51a66\" data-element_type=\"column\">\n\t\t\t<div class=\"elementor-column-wrap elementor-element-populated\">\n\t\t\t\t\t\t\t<div class=\"elementor-widget-wrap\">\n\t\t\t\t\t\t<div class=\"elementor-element elementor-element-a5dabe6 elementor-tabs-view-horizontal elementor-widget elementor-widget-tabs\" data-id=\"a5dabe6\" data-element_type=\"widget\" data-widget_type=\"tabs.default\">\n\t\t\t\t<div class=\"elementor-widget-container\">\n\t\t\t\t\t<div class=\"elementor-tabs\">\n\t\t\t<div class=\"elementor-tabs-wrapper\" role=\"tablist\" >\n\t\t\t\t\t\t\t\t\t<div id=\"elementor-tab-title-1731\" class=\"elementor-tab-title elementor-tab-desktop-title\" aria-selected=\"true\" data-tab=\"1\" role=\"tab\" tabindex=\"0\" aria-controls=\"elementor-tab-content-1731\"><a href=\"\">Data: 04 de Mar\u00e7o de 2021 (quinta-feira)<br> Local: Virtual<\/a><\/div>\n\t\t\t\t\t\t\t\t\t<div id=\"elementor-tab-title-1732\" class=\"elementor-tab-title elementor-tab-desktop-title\" aria-selected=\"false\" data-tab=\"2\" role=\"tab\" tabindex=\"-1\" aria-controls=\"elementor-tab-content-1732\"><a href=\"\">Data: 05 de Mar\u00e7o de 2021(sexta-feira) <br>Local: Virtual <\/a><\/div>\n\t\t\t\t\t\t\t<\/div>\n\t\t\t<div class=\"elementor-tabs-content-wrapper\" role=\"tablist\" aria-orientation=\"vertical\">\n\t\t\t\t\t\t\t\t\t<div class=\"elementor-tab-title elementor-tab-mobile-title\" aria-selected=\"true\" data-tab=\"1\" role=\"tab\" tabindex=\"0\" aria-controls=\"elementor-tab-content-1731\">Data: 04 de Mar\u00e7o de 2021 (quinta-feira)<br> Local: Virtual<\/div>\n\t\t\t\t\t<div id=\"elementor-tab-content-1731\" class=\"elementor-tab-content elementor-clearfix\" data-tab=\"1\" role=\"tabpanel\" aria-labelledby=\"elementor-tab-title-1731\" tabindex=\"0\" hidden=\"false\"><p><strong>19h00 \u2013 19h10h ABERTURA DO EVENTO \/ PALAVRA DO PRESIDENTE<\/strong><\/p><p><strong>19h10 \u2013 21h00 Aulas te\u00f3ricas<\/strong><\/p><table border=\"1\" width=\"638\" cellspacing=\"0\" cellpadding=\"10\"><tbody><tr><td bgcolor=\"#ffbe41\"><p align=\"center\"><strong>19h10\u00a0 &#8211; 20h00<\/strong><\/p><\/td><td bgcolor=\"#ffbe41\" width=\"487\"><strong>BLOCO \u2013 <\/strong><strong>NOVIDADES NAS DOEN\u00c7AS IMUNOMEDIADAS<\/strong><\/td><\/tr><tr><td>\u00a0<\/td><td width=\"487\">\u00a0<\/td><\/tr><tr><td><p align=\"center\"><strong>19h10 \u2013 19h20<\/strong><\/p><\/td><td width=\"487\">O que h\u00e1 de novo em tratamento da alopecia areata?<br \/>Leonardo Spagnol \u2013 DF<\/td><\/tr><tr><td><p align=\"center\"><strong>19h20 \u2013 19h30<\/strong><\/p><\/td><td width=\"487\">O que h\u00e1 de novo em tratamento no vitiligo?<br \/>Caio de Castro -PR<\/td><\/tr><tr><td><p align=\"center\"><strong>19h30 \u2013 19h40<\/strong><\/p><\/td><td width=\"487\">Atualiza\u00e7\u00e3o de Dermatoscopia<br \/>Jules Rimet Borges \u2013 MG<\/td><\/tr><tr><td><p align=\"center\"><strong>19h40 \u2013 19h50<\/strong><\/p><\/td><td valign=\"top\" width=\"487\">O que h\u00e1 de novo em tratamento de dermatite at\u00f3pica?<br \/>Rubens Marcelo Leite &#8211; DF<\/td><\/tr><tr><td><p align=\"center\"><strong>19h50 \u2013 20h00<\/strong><\/p><\/td><td valign=\"top\" width=\"487\">O que h\u00e1 de novo em tratamento da psor\u00edase?<br \/>Let\u00edcia Oba Galv\u00e3o &#8211; DF<\/td><\/tr><tr><td><p align=\"center\"><strong>20h00 \u2013 20h10<\/strong><\/p><\/td><td valign=\"top\" width=\"487\">Discuss\u00e3o<\/td><\/tr><\/tbody><\/table><table border=\"1\" width=\"638\" cellspacing=\"0\" cellpadding=\"10\"><tbody><tr><td bgcolor=\"#ffbe41\"><p align=\"center\"><strong>20h10 \u2013 21h00<\/strong><\/p><\/td><td bgcolor=\"#ffbe41\" width=\"487\"><strong>BLOCO \u2013 COSMIATRIA<\/strong><\/td><\/tr><tr><td><p align=\"center\"><strong>20h10 \u2013 20h20<\/strong><\/p><\/td><td valign=\"top\" width=\"487\">O que h\u00e1 de novo no tratamento da celulite (Lipodistrofia ginoide)?<br \/>Rosemarie Mazzuco &#8211; RS<\/td><\/tr><tr><td><p align=\"center\"><strong>20h20 \u2013 20h30<\/strong><\/p><\/td><td width=\"487\">O que h\u00e1 de novo no tratamento de estrias. Como eu trato.<br \/>Rog\u00e9rio Ranulfo \u2013 GO<\/td><\/tr><tr><td><p align=\"center\"><strong>20h30 \u2013 20h40<\/strong><\/p><\/td><td width=\"487\">Terap\u00eautica t\u00f3pica para envelhecimento \u2013 o que h\u00e1 de novo? Evid\u00eancia x n\u00e3o evid\u00eancia<br \/>Rosa Matos &#8211; DF<\/td><\/tr><tr><td><p align=\"center\"><strong>20h40 \u2013 20h50<\/strong><\/p><\/td><td width=\"487\">Tratamento do envelhecimento periocular &#8211; o que eu fa\u00e7o.<br \/>Maur\u00edcio Sato &#8211; PR<\/td><\/tr><tr><td><p align=\"center\"><strong>20h50 \u2013 21h00<\/strong><\/p><\/td><td width=\"487\">Tratamento do envelhecimento perioral \u2013 O que eu fa\u00e7o.<br \/>B\u00e1rbara Urzel \u2013 DF<\/td><\/tr><tr><td style=\"text-align: center;\"><strong>21h00 \u2013 21h15<\/strong><\/td><td width=\"487\"><p>Hiperpigmenta\u00e7\u00e3o p\u00f3s-inflamat\u00f3ria na acne da mulher adulta: impacto e manejo<\/p><p>Edileia Bagatin<\/p><\/td><\/tr><tr><td><p align=\"center\"><strong>21h15 \u2013 21h25<\/strong><\/p><\/td><td width=\"487\">Discuss\u00e3o<\/td><\/tr><\/tbody><\/table><\/div>\n\t\t\t\t\t\t\t\t\t<div class=\"elementor-tab-title elementor-tab-mobile-title\" aria-selected=\"false\" data-tab=\"2\" role=\"tab\" tabindex=\"-1\" aria-controls=\"elementor-tab-content-1732\">Data: 05 de Mar\u00e7o de 2021(sexta-feira) <br>Local: Virtual <\/div>\n\t\t\t\t\t<div id=\"elementor-tab-content-1732\" class=\"elementor-tab-content elementor-clearfix\" data-tab=\"2\" role=\"tabpanel\" aria-labelledby=\"elementor-tab-title-1732\" tabindex=\"0\" hidden=\"hidden\"><p><strong>19:00 \u2013 19:10h ABERTURA DO EVENTO \/ PALAVRA DO PRESIDENTE<\/strong><\/p><p><strong>19:10-21:00h Aulas te\u00f3ricas<\/strong><\/p><table border=\"1\" width=\"638\" cellspacing=\"0\" cellpadding=\"10\"><tbody><tr><td bgcolor=\"#ffbe41\" width=\"125\"><p align=\"center\"><strong>19h10 \u2013 20h00<\/strong><\/p><\/td><td valign=\"top\" bgcolor=\"#ffbe41\" width=\"467\"><strong>BLOCO &#8211; <\/strong><strong>TECNOLOGIAS E REJUVENESCIMENTO<\/strong><\/td><\/tr><tr><td>\u00a0<\/td><td valign=\"top\" width=\"467\">\u00a0<\/td><\/tr><tr><td><p align=\"center\"><strong>19h10 \u2013 19h20<\/strong><\/p><\/td><td valign=\"top\" width=\"467\">Ultrassom microfocado\u00a0 &#8211; revis\u00e3o sobre indica\u00e7\u00f5es e melhores resultados<br \/>Natasha Crepaldi \u2013 MT<\/td><\/tr><tr><td><p align=\"center\"><strong>19h20 \u2013 19h30<\/strong><\/p><\/td><td valign=\"top\" width=\"467\">Tecnologias corporais<br \/>Isadora Paiva \u2013 GO<\/td><\/tr><tr><td><p align=\"center\"><strong>19h30 \u2013 19h40<\/strong><\/p><\/td><td valign=\"top\" width=\"467\">Avalia\u00e7\u00e3o facial \u2013 o que indicar para cada rosto?<br \/>Maria Ligia Mendon\u00e7a &#8211; GO<\/td><\/tr><tr><td><p align=\"center\"><strong>19h40 \u2013 19h50<\/strong><\/p><\/td><td valign=\"top\" width=\"467\">Tratamento do Masseter com Toxina Botul\u00ednica<br \/>D\u00f3ris Hexsel &#8211; RS<\/td><\/tr><tr><td><p align=\"center\"><strong>19h50 \u2013 20h00<\/strong><\/p><\/td><td valign=\"top\" width=\"467\">Complica\u00e7\u00f5es da toxina botul\u00ednica. Quais s\u00e3o e como corrigir.<br \/>D\u00f3ris Hexsel &#8211; RS<\/td><\/tr><tr><td><p align=\"center\"><strong>20h20 \u2013 20h10<\/strong><\/p><\/td><td valign=\"top\" width=\"467\">Discuss\u00e3o<\/td><\/tr><tr><td bgcolor=\"#ffbe41\"><p align=\"center\"><strong>20h10 \u2013 21h15<\/strong><\/p><\/td><td valign=\"top\" bgcolor=\"#ffbe41\" width=\"467\"><strong>BLOCO\u00a0 &#8211; <\/strong><strong>ATUALIDADES <\/strong><strong>DA DERMATOLOGIA<\/strong><\/td><\/tr><tr><td><p align=\"center\"><strong>20h10 \u2013 20h20<\/strong><\/p><\/td><td valign=\"top\" width=\"467\">Aspectos legais sobre as complica\u00e7\u00f5es na \u00e1rea da Dermatologia \u2013 o que fazer e o que n\u00e3o fazer (abordar tamb\u00e9m o que fazer com complica\u00e7\u00f5es de n\u00e3o m\u00e9dicos)<br \/>Carlos M\u00e1rcio Rissi Macedo \u2013 GO<\/td><\/tr><tr><td><p align=\"center\"><strong>20h20 \u2013 20h30<\/strong><\/p><\/td><td valign=\"top\" width=\"467\">Exame gen\u00e9tico \u2013 quando solicitar na Dermatologia?<br \/>Leonardo Oliveira Mendon\u00e7a \u2013 SP<\/td><\/tr><tr><td><p align=\"center\"><strong>20h30 \u2013 20h40<\/strong><\/p><\/td><td valign=\"top\" width=\"467\">Pequenas mol\u00e9culas e suas indica\u00e7\u00f5es<br \/>Wagner Galv\u00e3o \u2013 SP<\/td><\/tr><tr><td><p align=\"center\"><strong>20h40 \u2013 21h00<\/strong><\/p><\/td><td valign=\"top\" width=\"467\">\u00a0O que h\u00e1 de novo no manejo das complica\u00e7\u00f5es de preenchedores?<br \/>Danilo Teixeira \u2013 GO<\/td><\/tr><tr><td><p align=\"center\"><strong>21h00 \u2013 21h15<\/strong><\/p><\/td><td valign=\"top\" width=\"467\">Gest\u00e3o de carreira: pensando sobre o m\u00e9dico que voc\u00ea quer ser<br \/>Juliana Mendon\u00e7a \u2013 MT<\/td><\/tr><tr><td><p align=\"center\"><strong>21h00 \u2013 21h15<\/strong><\/p><\/td><td valign=\"top\" width=\"467\">Tratamento oral e t\u00f3pico para Melasma<br \/>Gabriel Bastos<\/td><\/tr><tr><td><p align=\"center\"><strong>21h30 \u2013 21h40<\/strong><\/p><\/td><td valign=\"top\" width=\"467\">Discuss\u00e3o<\/td><\/tr><tr><td colspan=\"2\" valign=\"top\"><p align=\"center\"><strong>Encerramento<\/strong><\/p><\/td><\/tr><\/tbody><\/table><\/div>\n\t\t\t\t\t\t\t<\/div>\n\t\t<\/div>\n\t\t\t\t<\/div>\n\t\t\t\t<\/div>\n\t\t\t\t\t\t<\/div>\n\t\t\t\t\t<\/div>\n\t\t<\/div>\n\t\t\t\t\t\t\t\t<\/div>\n\t\t\t\t\t<\/div>\n\t\t<\/section>\n\t\t\t\t\t\t<\/div>\n\t\t\t\t\t\t<\/div>\n\t\t\t\t\t<\/div>\n\t\t","protected":false},"excerpt":{"rendered":"<p>Programa\u00e7\u00e3o Data: 04 de Mar\u00e7o de 2021 (quinta-feira) Local: Virtual Data: 05 de Mar\u00e7o de 2021(sexta-feira) Local: Virtual Data: 04 de Mar\u00e7o de 2021 (quinta-feira) Local: Virtual 19h00 \u2013 19h10h ABERTURA DO EVENTO \/ PALAVRA DO PRESIDENTE 19h10 \u2013 21h00 Aulas te\u00f3ricas 19h10\u00a0 &#8211; 20h00 BLOCO \u2013 NOVIDADES NAS DOEN\u00c7AS IMUNOMEDIADAS \u00a0 \u00a0 19h10 \u2013 [&hellip;]<\/p>\n","protected":false},"author":1,"featured_media":0,"parent":0,"menu_order":0,"comment_status":"closed","ping_status":"closed","template":"","meta":[],"yst_prominent_words":[],"_links":{"self":[{"href":"https:\/\/evento.digital\/sbdgo\/22radeco\/wp-json\/wp\/v2\/pages\/34"}],"collection":[{"href":"https:\/\/evento.digital\/sbdgo\/22radeco\/wp-json\/wp\/v2\/pages"}],"about":[{"href":"https:\/\/evento.digital\/sbdgo\/22radeco\/wp-json\/wp\/v2\/types\/page"}],"author":[{"embeddable":true,"href":"https:\/\/evento.digital\/sbdgo\/22radeco\/wp-json\/wp\/v2\/users\/1"}],"replies":[{"embeddable":true,"href":"https:\/\/evento.digital\/sbdgo\/22radeco\/wp-json\/wp\/v2\/comments?post=34"}],"version-history":[{"count":26,"href":"https:\/\/evento.digital\/sbdgo\/22radeco\/wp-json\/wp\/v2\/pages\/34\/revisions"}],"predecessor-version":[{"id":128,"href":"https:\/\/evento.digital\/sbdgo\/22radeco\/wp-json\/wp\/v2\/pages\/34\/revisions\/128"}],"wp:attachment":[{"href":"https:\/\/evento.digital\/sbdgo\/22radeco\/wp-json\/wp\/v2\/media?parent=34"}],"wp:term":[{"taxonomy":"yst_prominent_words","embeddable":true,"href":"https:\/\/evento.digital\/sbdgo\/22radeco\/wp-json\/wp\/v2\/yst_prominent_words?post=34"}],"curies":[{"name":"wp","href":"https:\/\/api.w.org\/{rel}","templated":true}]}}