{"id":22,"date":"2020-03-05T16:55:48","date_gmt":"2020-03-05T19:55:48","guid":{"rendered":"https:\/\/evento.digital\/sbdgo\/22radeco\/?page_id=22"},"modified":"2020-03-05T17:21:26","modified_gmt":"2020-03-05T20:21:26","slug":"comissao-organizadora","status":"publish","type":"page","link":"https:\/\/evento.digital\/sbdgo\/22radeco\/comissao-organizadora\/","title":{"rendered":"Comiss\u00e3o Organizadora"},"content":{"rendered":"\t\t<div data-elementor-type=\"wp-page\" data-elementor-id=\"22\" class=\"elementor elementor-22\" data-elementor-settings=\"[]\">\n\t\t\t\t\t\t<div class=\"elementor-inner\">\n\t\t\t\t\t\t\t<div class=\"elementor-section-wrap\">\n\t\t\t\t\t\t\t<section class=\"elementor-section elementor-top-section elementor-element elementor-element-451527e elementor-section-boxed elementor-section-height-default elementor-section-height-default\" data-id=\"451527e\" data-element_type=\"section\">\n\t\t\t\t\t\t<div class=\"elementor-container elementor-column-gap-default\">\n\t\t\t\t\t\t\t<div class=\"elementor-row\">\n\t\t\t\t\t<div class=\"elementor-column elementor-col-100 elementor-top-column elementor-element elementor-element-92397f0\" data-id=\"92397f0\" data-element_type=\"column\">\n\t\t\t<div class=\"elementor-column-wrap elementor-element-populated\">\n\t\t\t\t\t\t\t<div class=\"elementor-widget-wrap\">\n\t\t\t\t\t\t<div class=\"elementor-element elementor-element-bd475ad elementor-widget elementor-widget-spacer\" data-id=\"bd475ad\" data-element_type=\"widget\" data-widget_type=\"spacer.default\">\n\t\t\t\t<div class=\"elementor-widget-container\">\n\t\t\t\t\t<div class=\"elementor-spacer\">\n\t\t\t<div class=\"elementor-spacer-inner\"><\/div>\n\t\t<\/div>\n\t\t\t\t<\/div>\n\t\t\t\t<\/div>\n\t\t\t\t\t\t<\/div>\n\t\t\t\t\t<\/div>\n\t\t<\/div>\n\t\t\t\t\t\t\t\t<\/div>\n\t\t\t\t\t<\/div>\n\t\t<\/section>\n\t\t\t\t<section class=\"elementor-section elementor-top-section elementor-element elementor-element-d385397 elementor-section-boxed elementor-section-height-default elementor-section-height-default\" data-id=\"d385397\" data-element_type=\"section\">\n\t\t\t\t\t\t<div class=\"elementor-container elementor-column-gap-default\">\n\t\t\t\t\t\t\t<div class=\"elementor-row\">\n\t\t\t\t\t<div class=\"elementor-column elementor-col-100 elementor-top-column elementor-element elementor-element-bf6d17b\" data-id=\"bf6d17b\" data-element_type=\"column\">\n\t\t\t<div class=\"elementor-column-wrap elementor-element-populated\">\n\t\t\t\t\t\t\t<div class=\"elementor-widget-wrap\">\n\t\t\t\t\t\t<div class=\"elementor-element elementor-element-d8104a8 elementor-widget elementor-widget-heading\" data-id=\"d8104a8\" data-element_type=\"widget\" data-widget_type=\"heading.default\">\n\t\t\t\t<div class=\"elementor-widget-container\">\n\t\t\t<h2 class=\"elementor-heading-title elementor-size-default\">Comiss\u00e3o Organizadora<\/h2>\t\t<\/div>\n\t\t\t\t<\/div>\n\t\t\t\t\t\t<\/div>\n\t\t\t\t\t<\/div>\n\t\t<\/div>\n\t\t\t\t\t\t\t\t<\/div>\n\t\t\t\t\t<\/div>\n\t\t<\/section>\n\t\t\t\t<section class=\"elementor-section elementor-top-section elementor-element elementor-element-3a9b0ca elementor-section-boxed elementor-section-height-default elementor-section-height-default\" data-id=\"3a9b0ca\" data-element_type=\"section\">\n\t\t\t\t\t\t<div class=\"elementor-container elementor-column-gap-default\">\n\t\t\t\t\t\t\t<div class=\"elementor-row\">\n\t\t\t\t\t<div class=\"elementor-column elementor-col-100 elementor-top-column elementor-element elementor-element-a0d7e64\" data-id=\"a0d7e64\" data-element_type=\"column\">\n\t\t\t<div class=\"elementor-column-wrap elementor-element-populated\">\n\t\t\t\t\t\t\t<div class=\"elementor-widget-wrap\">\n\t\t\t\t\t\t<div class=\"elementor-element elementor-element-4222afb elementor-widget elementor-widget-spacer\" data-id=\"4222afb\" data-element_type=\"widget\" data-widget_type=\"spacer.default\">\n\t\t\t\t<div class=\"elementor-widget-container\">\n\t\t\t\t\t<div class=\"elementor-spacer\">\n\t\t\t<div class=\"elementor-spacer-inner\"><\/div>\n\t\t<\/div>\n\t\t\t\t<\/div>\n\t\t\t\t<\/div>\n\t\t\t\t\t\t<\/div>\n\t\t\t\t\t<\/div>\n\t\t<\/div>\n\t\t\t\t\t\t\t\t<\/div>\n\t\t\t\t\t<\/div>\n\t\t<\/section>\n\t\t\t\t<section class=\"elementor-section elementor-top-section elementor-element elementor-element-3af89cf elementor-section-boxed elementor-section-height-default elementor-section-height-default\" data-id=\"3af89cf\" data-element_type=\"section\">\n\t\t\t\t\t\t<div class=\"elementor-container elementor-column-gap-default\">\n\t\t\t\t\t\t\t<div class=\"elementor-row\">\n\t\t\t\t\t<div class=\"elementor-column elementor-col-100 elementor-top-column elementor-element elementor-element-f4fc091\" data-id=\"f4fc091\" data-element_type=\"column\">\n\t\t\t<div class=\"elementor-column-wrap elementor-element-populated\">\n\t\t\t\t\t\t\t<div class=\"elementor-widget-wrap\">\n\t\t\t\t\t\t<div class=\"elementor-element elementor-element-9abd6ea elementor-widget elementor-widget-text-editor\" data-id=\"9abd6ea\" data-element_type=\"widget\" data-widget_type=\"text-editor.default\">\n\t\t\t\t<div class=\"elementor-widget-container\">\n\t\t\t\t\t<div class=\"elementor-text-editor elementor-clearfix\"><p><strong>Presidente:<\/strong> Mayra Ianhez<br \/><strong>Vice Presidente:<\/strong> Rafael Junqueira<\/p><p><strong>Comiss\u00e3o de relacionamento com a ind\u00fastria:<\/strong><\/p><ul><li>Rafael Junqueira<\/li><li>Adriano Loyola<\/li><li>Eduardo \u00c1lvares<\/li><\/ul><p><strong>Tesoureiras:<\/strong><\/p><ul><li>Ana Lucia Maroccolo<\/li><li>Marilene Chaves Silvestre<\/li><\/ul><p><strong>Comiss\u00e3o Social e de Recep\u00e7\u00e3o:<\/strong><\/p><ul><li>Juliana Salgado<\/li><li>Michael Carvalho<\/li><li>Adriano Curado<\/li><li>Eduardo \u00c1lvares<\/li><\/ul><p><strong>Comiss\u00e3o de M\u00eddia eletr\u00f4nica e redes sociais:<\/strong><\/p><ul><li>Danilo Teixeira<\/li><li>Hugo Alexandre<\/li><\/ul><p><strong>Comiss\u00e3o dos Trabalhos Cient\u00edficos:<\/strong><\/p><ul><li>Mirian Lane Castilho<\/li><\/ul><p><strong>Comiss\u00e3o Cient\u00edfica:<\/strong><\/p><ul><li>Ana Maria Quinteiro<\/li><li>Lia Candida Miranda de Castro<\/li><li>Luiz Fernando Froes Fleury<\/li><\/ul><p><strong>Coordena\u00e7\u00e3o dos cursos pr\u00e1ticos em v\u00eddeo:<\/strong><\/p><ul><li>Adriano Loyola<\/li><\/ul><\/div>\n\t\t\t\t<\/div>\n\t\t\t\t<\/div>\n\t\t\t\t\t\t<\/div>\n\t\t\t\t\t<\/div>\n\t\t<\/div>\n\t\t\t\t\t\t\t\t<\/div>\n\t\t\t\t\t<\/div>\n\t\t<\/section>\n\t\t\t\t\t\t<\/div>\n\t\t\t\t\t\t<\/div>\n\t\t\t\t\t<\/div>\n\t\t","protected":false},"excerpt":{"rendered":"<p>Comiss\u00e3o Organizadora Presidente: Mayra IanhezVice Presidente: Rafael Junqueira Comiss\u00e3o de relacionamento com a ind\u00fastria: Rafael Junqueira Adriano Loyola Eduardo \u00c1lvares Tesoureiras: Ana Lucia Maroccolo Marilene Chaves Silvestre Comiss\u00e3o Social e de Recep\u00e7\u00e3o: Juliana Salgado Michael Carvalho Adriano Curado Eduardo \u00c1lvares Comiss\u00e3o de M\u00eddia eletr\u00f4nica e redes sociais: Danilo Teixeira Hugo Alexandre Comiss\u00e3o dos Trabalhos Cient\u00edficos: [&hellip;]<\/p>\n","protected":false},"author":1,"featured_media":0,"parent":0,"menu_order":0,"comment_status":"closed","ping_status":"closed","template":"","meta":[],"yst_prominent_words":[],"_links":{"self":[{"href":"https:\/\/evento.digital\/sbdgo\/22radeco\/wp-json\/wp\/v2\/pages\/22"}],"collection":[{"href":"https:\/\/evento.digital\/sbdgo\/22radeco\/wp-json\/wp\/v2\/pages"}],"about":[{"href":"https:\/\/evento.digital\/sbdgo\/22radeco\/wp-json\/wp\/v2\/types\/page"}],"author":[{"embeddable":true,"href":"https:\/\/evento.digital\/sbdgo\/22radeco\/wp-json\/wp\/v2\/users\/1"}],"replies":[{"embeddable":true,"href":"https:\/\/evento.digital\/sbdgo\/22radeco\/wp-json\/wp\/v2\/comments?post=22"}],"version-history":[{"count":5,"href":"https:\/\/evento.digital\/sbdgo\/22radeco\/wp-json\/wp\/v2\/pages\/22\/revisions"}],"predecessor-version":[{"id":32,"href":"https:\/\/evento.digital\/sbdgo\/22radeco\/wp-json\/wp\/v2\/pages\/22\/revisions\/32"}],"wp:attachment":[{"href":"https:\/\/evento.digital\/sbdgo\/22radeco\/wp-json\/wp\/v2\/media?parent=22"}],"wp:term":[{"taxonomy":"yst_prominent_words","embeddable":true,"href":"https:\/\/evento.digital\/sbdgo\/22radeco\/wp-json\/wp\/v2\/yst_prominent_words?post=22"}],"curies":[{"name":"wp","href":"https:\/\/api.w.org\/{rel}","templated":true}]}}