{"id":15,"date":"2020-02-17T16:40:32","date_gmt":"2020-02-17T19:40:32","guid":{"rendered":"https:\/\/evento.digital\/sbdgo\/22radeco\/?page_id=15"},"modified":"2021-03-10T11:15:07","modified_gmt":"2021-03-10T14:15:07","slug":"home","status":"publish","type":"page","link":"https:\/\/evento.digital\/sbdgo\/22radeco\/","title":{"rendered":"Home"},"content":{"rendered":"\t\t<div data-elementor-type=\"wp-page\" data-elementor-id=\"15\" class=\"elementor elementor-15\" data-elementor-settings=\"[]\">\n\t\t\t\t\t\t<div class=\"elementor-inner\">\n\t\t\t\t\t\t\t<div class=\"elementor-section-wrap\">\n\t\t\t\t\t\t\t<section class=\"elementor-section elementor-top-section elementor-element elementor-element-1f87d68 elementor-section-boxed elementor-section-height-default elementor-section-height-default\" data-id=\"1f87d68\" data-element_type=\"section\">\n\t\t\t\t\t\t<div class=\"elementor-container elementor-column-gap-default\">\n\t\t\t\t\t\t\t<div class=\"elementor-row\">\n\t\t\t\t\t<div class=\"elementor-column elementor-col-100 elementor-top-column elementor-element elementor-element-4d9f77b\" data-id=\"4d9f77b\" data-element_type=\"column\">\n\t\t\t<div class=\"elementor-column-wrap elementor-element-populated\">\n\t\t\t\t\t\t\t<div class=\"elementor-widget-wrap\">\n\t\t\t\t\t\t<div class=\"elementor-element elementor-element-6a4173f elementor-widget elementor-widget-spacer\" data-id=\"6a4173f\" data-element_type=\"widget\" data-widget_type=\"spacer.default\">\n\t\t\t\t<div class=\"elementor-widget-container\">\n\t\t\t\t\t<div class=\"elementor-spacer\">\n\t\t\t<div class=\"elementor-spacer-inner\"><\/div>\n\t\t<\/div>\n\t\t\t\t<\/div>\n\t\t\t\t<\/div>\n\t\t\t\t\t\t<\/div>\n\t\t\t\t\t<\/div>\n\t\t<\/div>\n\t\t\t\t\t\t\t\t<\/div>\n\t\t\t\t\t<\/div>\n\t\t<\/section>\n\t\t\t\t<section class=\"elementor-section elementor-top-section elementor-element elementor-element-536e782 elementor-section-boxed elementor-section-height-default elementor-section-height-default\" data-id=\"536e782\" data-element_type=\"section\">\n\t\t\t\t\t\t<div class=\"elementor-container elementor-column-gap-default\">\n\t\t\t\t\t\t\t<div class=\"elementor-row\">\n\t\t\t\t\t<div class=\"elementor-column elementor-col-50 elementor-top-column elementor-element elementor-element-5f1feea\" data-id=\"5f1feea\" data-element_type=\"column\">\n\t\t\t<div class=\"elementor-column-wrap elementor-element-populated\">\n\t\t\t\t\t\t\t<div class=\"elementor-widget-wrap\">\n\t\t\t\t\t\t<div class=\"elementor-element elementor-element-2e8bdf1 elementor-button-danger elementor-align-center elementor-widget elementor-widget-button\" data-id=\"2e8bdf1\" data-element_type=\"widget\" data-widget_type=\"button.default\">\n\t\t\t\t<div class=\"elementor-widget-container\">\n\t\t\t\t\t<div class=\"elementor-button-wrapper\">\n\t\t\t<a href=\"https:\/\/goeventos.com.br\/equippeeventos\/22radeco\/certificados.asp\" target=\"_blank\" class=\"elementor-button-link elementor-button elementor-size-lg\" role=\"button\">\n\t\t\t\t\t\t<span class=\"elementor-button-content-wrapper\">\n\t\t\t\t\t\t<span class=\"elementor-button-icon elementor-align-icon-left\">\n\t\t\t\t<i aria-hidden=\"true\" class=\"fas fa-file-download\"><\/i>\t\t\t<\/span>\n\t\t\t\t\t\t<span class=\"elementor-button-text\">EMITA SEU CERTIFICADO DE PARTICIPA\u00c7\u00c3O<\/span>\n\t\t<\/span>\n\t\t\t\t\t<\/a>\n\t\t<\/div>\n\t\t\t\t<\/div>\n\t\t\t\t<\/div>\n\t\t\t\t\t\t<\/div>\n\t\t\t\t\t<\/div>\n\t\t<\/div>\n\t\t\t\t<div class=\"elementor-column elementor-col-50 elementor-top-column elementor-element elementor-element-2ec50cb\" data-id=\"2ec50cb\" data-element_type=\"column\">\n\t\t\t<div class=\"elementor-column-wrap elementor-element-populated\">\n\t\t\t\t\t\t\t<div class=\"elementor-widget-wrap\">\n\t\t\t\t\t\t<div class=\"elementor-element elementor-element-c68aa21 elementor-button-success elementor-align-center elementor-widget elementor-widget-button\" data-id=\"c68aa21\" data-element_type=\"widget\" data-widget_type=\"button.default\">\n\t\t\t\t<div class=\"elementor-widget-container\">\n\t\t\t\t\t<div class=\"elementor-button-wrapper\">\n\t\t\t<a href=\"https:\/\/goeventos.com.br\/equippeeventos\/22radeco\/congVideos.asp\" target=\"_blank\" class=\"elementor-button-link elementor-button elementor-size-lg\" role=\"button\">\n\t\t\t\t\t\t<span class=\"elementor-button-content-wrapper\">\n\t\t\t\t\t\t<span class=\"elementor-button-icon elementor-align-icon-left\">\n\t\t\t\t<i aria-hidden=\"true\" class=\"fas fa-file-download\"><\/i>\t\t\t<\/span>\n\t\t\t\t\t\t<span class=\"elementor-button-text\">AULAS GRAVADAS<\/span>\n\t\t<\/span>\n\t\t\t\t\t<\/a>\n\t\t<\/div>\n\t\t\t\t<\/div>\n\t\t\t\t<\/div>\n\t\t\t\t\t\t<\/div>\n\t\t\t\t\t<\/div>\n\t\t<\/div>\n\t\t\t\t\t\t\t\t<\/div>\n\t\t\t\t\t<\/div>\n\t\t<\/section>\n\t\t\t\t<section class=\"elementor-section elementor-top-section elementor-element elementor-element-c296d7a elementor-section-content-top elementor-section-boxed elementor-section-height-default elementor-section-height-default\" data-id=\"c296d7a\" data-element_type=\"section\">\n\t\t\t\t\t\t<div class=\"elementor-container elementor-column-gap-wide\">\n\t\t\t\t\t\t\t<div class=\"elementor-row\">\n\t\t\t\t\t<div class=\"elementor-column elementor-col-100 elementor-top-column elementor-element elementor-element-8230f35\" data-id=\"8230f35\" data-element_type=\"column\">\n\t\t\t<div class=\"elementor-column-wrap elementor-element-populated\">\n\t\t\t\t\t\t\t<div class=\"elementor-widget-wrap\">\n\t\t\t\t\t\t<div class=\"elementor-element elementor-element-651f9e5 elementor-widget elementor-widget-text-editor\" data-id=\"651f9e5\" data-element_type=\"widget\" data-widget_type=\"text-editor.default\">\n\t\t\t\t<div class=\"elementor-widget-container\">\n\t\t\t\t\t<div class=\"elementor-text-editor elementor-clearfix\"><p>Caros colegas,<\/p>\n<p>\u00c9 com grande satisfa\u00e7\u00e3o que realizaremos <strong>a 22\u00aa RADECO (Reuni\u00e3o Anual dos Dermatologistas do Centro-Oeste), nos dias 4, 5 e 6 de Mar\u00e7o de 2021.<\/strong> Devido \u00e0 pandemia, remanejamos nossa data realizando um evento h\u00edbrido: on-line e presencial.<\/p>\n<p>O evento est\u00e1 sendo preparado com uma programa\u00e7\u00e3o que abrange v\u00e1rias \u00e1reas da atua\u00e7\u00e3o do dermatologista, com temas sobre novas medica\u00e7\u00f5es, tecnologias,&nbsp; terap\u00eautica na pr\u00e1tica cl\u00ednica das situa\u00e7\u00f5es mais comuns, procedimentos est\u00e9ticos, al\u00e9m de workshops de cursos te\u00f3ricos e pr\u00e1ticos. As atividades ser\u00e3o divididas nesses tr\u00eas dias da seguinte forma:<\/p>\n<ul>\n<li>04 e 5 de Mar\u00e7o de 2021 (quinta e sexta \u00e0 noite): aulas te\u00f3ricas on-line;<\/li>\n<li>06 de Mar\u00e7o de 2021 (s\u00e1bado manh\u00e3 e tarde): cursos presenciais.<\/li>\n<\/ul>\n<p>Esperamos ansiosamente a contribui\u00e7\u00e3o cient\u00edfica dos colegas do Centro-Oeste, para que juntos possamos fortalecer mais ainda a nossa regi\u00e3o.<\/p>\n<p>Esperamos contar com a participa\u00e7\u00e3o de todos para este encontro de realiza\u00e7\u00f5es t\u00e9cnicas e cient\u00edficas.<\/p>\n<p>Cordiais sauda\u00e7\u00f5es e bom congresso a todos!<\/p>\n<p>Dra Mayra Ianhez<br>Presidente da 22\u00aa RADECO<\/p>\n<p><img loading=\"lazy\" class=\"alignnone size-full wp-image-29\" src=\"https:\/\/evento.digital\/sbdgo\/22radeco\/wp-content\/uploads\/2020\/03\/sbd.png\" alt=\"\" width=\"200\" height=\"83\"><\/p><\/div>\n\t\t\t\t<\/div>\n\t\t\t\t<\/div>\n\t\t\t\t\t\t<\/div>\n\t\t\t\t\t<\/div>\n\t\t<\/div>\n\t\t\t\t\t\t\t\t<\/div>\n\t\t\t\t\t<\/div>\n\t\t<\/section>\n\t\t\t\t\t\t<\/div>\n\t\t\t\t\t\t<\/div>\n\t\t\t\t\t<\/div>\n\t\t","protected":false},"excerpt":{"rendered":"<p>EMITA SEU CERTIFICADO DE PARTICIPA\u00c7\u00c3O AULAS GRAVADAS Caros colegas, \u00c9 com grande satisfa\u00e7\u00e3o que realizaremos a 22\u00aa RADECO (Reuni\u00e3o Anual dos Dermatologistas do Centro-Oeste), nos dias 4, 5 e 6 de Mar\u00e7o de 2021. Devido \u00e0 pandemia, remanejamos nossa data realizando um evento h\u00edbrido: on-line e presencial. O evento est\u00e1 sendo preparado com uma programa\u00e7\u00e3o [&hellip;]<\/p>\n","protected":false},"author":1,"featured_media":0,"parent":0,"menu_order":0,"comment_status":"closed","ping_status":"closed","template":"","meta":[],"yst_prominent_words":[],"_links":{"self":[{"href":"https:\/\/evento.digital\/sbdgo\/22radeco\/wp-json\/wp\/v2\/pages\/15"}],"collection":[{"href":"https:\/\/evento.digital\/sbdgo\/22radeco\/wp-json\/wp\/v2\/pages"}],"about":[{"href":"https:\/\/evento.digital\/sbdgo\/22radeco\/wp-json\/wp\/v2\/types\/page"}],"author":[{"embeddable":true,"href":"https:\/\/evento.digital\/sbdgo\/22radeco\/wp-json\/wp\/v2\/users\/1"}],"replies":[{"embeddable":true,"href":"https:\/\/evento.digital\/sbdgo\/22radeco\/wp-json\/wp\/v2\/comments?post=15"}],"version-history":[{"count":29,"href":"https:\/\/evento.digital\/sbdgo\/22radeco\/wp-json\/wp\/v2\/pages\/15\/revisions"}],"predecessor-version":[{"id":161,"href":"https:\/\/evento.digital\/sbdgo\/22radeco\/wp-json\/wp\/v2\/pages\/15\/revisions\/161"}],"wp:attachment":[{"href":"https:\/\/evento.digital\/sbdgo\/22radeco\/wp-json\/wp\/v2\/media?parent=15"}],"wp:term":[{"taxonomy":"yst_prominent_words","embeddable":true,"href":"https:\/\/evento.digital\/sbdgo\/22radeco\/wp-json\/wp\/v2\/yst_prominent_words?post=15"}],"curies":[{"name":"wp","href":"https:\/\/api.w.org\/{rel}","templated":true}]}}