{"id":37,"date":"2020-02-14T11:45:57","date_gmt":"2020-02-14T14:45:57","guid":{"rendered":"https:\/\/evento.digital\/saego\/51jabc\/?page_id=37"},"modified":"2022-08-19T07:19:39","modified_gmt":"2022-08-19T10:19:39","slug":"programacao","status":"publish","type":"page","link":"https:\/\/evento.digital\/saego\/51jabc\/programacao\/","title":{"rendered":"Programa\u00e7\u00e3o"},"content":{"rendered":"\t\t<div data-elementor-type=\"wp-page\" data-elementor-id=\"37\" class=\"elementor elementor-37\">\n\t\t\t\t\t\t<div class=\"elementor-inner\">\n\t\t\t\t<div class=\"elementor-section-wrap\">\n\t\t\t\t\t\t\t\t\t<section class=\"elementor-section elementor-top-section elementor-element elementor-element-eb2db96 elementor-section-boxed elementor-section-height-default elementor-section-height-default\" data-id=\"eb2db96\" data-element_type=\"section\">\n\t\t\t\t\t\t<div class=\"elementor-container elementor-column-gap-default\">\n\t\t\t\t\t\t\t<div class=\"elementor-row\">\n\t\t\t\t\t<div class=\"elementor-column elementor-col-100 elementor-top-column elementor-element elementor-element-bf2e112\" data-id=\"bf2e112\" data-element_type=\"column\">\n\t\t\t<div class=\"elementor-column-wrap elementor-element-populated\">\n\t\t\t\t\t\t\t<div class=\"elementor-widget-wrap\">\n\t\t\t\t\t\t<div class=\"elementor-element elementor-element-efae8e3 elementor-widget elementor-widget-spacer\" data-id=\"efae8e3\" data-element_type=\"widget\" data-widget_type=\"spacer.default\">\n\t\t\t\t<div class=\"elementor-widget-container\">\n\t\t\t\t\t<div class=\"elementor-spacer\">\n\t\t\t<div class=\"elementor-spacer-inner\"><\/div>\n\t\t<\/div>\n\t\t\t\t<\/div>\n\t\t\t\t<\/div>\n\t\t\t\t<div class=\"elementor-element elementor-element-abac9ff elementor-widget elementor-widget-heading\" data-id=\"abac9ff\" data-element_type=\"widget\" data-widget_type=\"heading.default\">\n\t\t\t\t<div class=\"elementor-widget-container\">\n\t\t\t<h1 class=\"elementor-heading-title elementor-size-default\">Programa\u00e7\u00e3o<\/h1>\t\t<\/div>\n\t\t\t\t<\/div>\n\t\t\t\t<div class=\"elementor-element elementor-element-c8d5877 elementor-widget elementor-widget-spacer\" data-id=\"c8d5877\" data-element_type=\"widget\" data-widget_type=\"spacer.default\">\n\t\t\t\t<div class=\"elementor-widget-container\">\n\t\t\t\t\t<div class=\"elementor-spacer\">\n\t\t\t<div class=\"elementor-spacer-inner\"><\/div>\n\t\t<\/div>\n\t\t\t\t<\/div>\n\t\t\t\t<\/div>\n\t\t\t\t\t\t<\/div>\n\t\t\t\t\t<\/div>\n\t\t<\/div>\n\t\t\t\t\t\t\t\t<\/div>\n\t\t\t\t\t<\/div>\n\t\t<\/section>\n\t\t\t\t<section class=\"elementor-section elementor-top-section elementor-element elementor-element-86ccd39 elementor-section-boxed elementor-section-height-default elementor-section-height-default\" data-id=\"86ccd39\" data-element_type=\"section\">\n\t\t\t\t\t\t<div class=\"elementor-container elementor-column-gap-default\">\n\t\t\t\t\t\t\t<div class=\"elementor-row\">\n\t\t\t\t\t<div class=\"elementor-column elementor-col-100 elementor-top-column elementor-element elementor-element-82f556b\" data-id=\"82f556b\" data-element_type=\"column\">\n\t\t\t<div class=\"elementor-column-wrap elementor-element-populated\">\n\t\t\t\t\t\t\t<div class=\"elementor-widget-wrap\">\n\t\t\t\t\t\t<div class=\"elementor-element elementor-element-dc83c25 elementor-widget elementor-widget-toggle\" data-id=\"dc83c25\" data-element_type=\"widget\" data-widget_type=\"toggle.default\">\n\t\t\t\t<div class=\"elementor-widget-container\">\n\t\t\t\t\t<div class=\"elementor-toggle\" role=\"tablist\">\n\t\t\t\t\t\t\t<div class=\"elementor-toggle-item\">\n\t\t\t\t\t<div id=\"elementor-tab-title-2311\" class=\"elementor-tab-title\" data-tab=\"1\" role=\"tab\" aria-controls=\"elementor-tab-content-2311\" aria-expanded=\"false\">\n\t\t\t\t\t\t\t\t\t\t\t\t<span class=\"elementor-toggle-icon elementor-toggle-icon-left\" aria-hidden=\"true\">\n\t\t\t\t\t\t\t\t\t\t\t\t\t\t\t<span class=\"elementor-toggle-icon-closed\"><i class=\"fas fa-caret-right\"><\/i><\/span>\n\t\t\t\t\t\t\t\t<span class=\"elementor-toggle-icon-opened\"><i class=\"elementor-toggle-icon-opened fas fa-caret-up\"><\/i><\/span>\n\t\t\t\t\t\t\t\t\t\t\t\t\t<\/span>\n\t\t\t\t\t\t\t\t\t\t\t\t<a href=\"\" class=\"elementor-toggle-title\">19\/08\/2022 - Sexta<\/a>\n\t\t\t\t\t<\/div>\n\n\t\t\t\t\t<div id=\"elementor-tab-content-2311\" class=\"elementor-tab-content elementor-clearfix\" data-tab=\"1\" role=\"tabpanel\" aria-labelledby=\"elementor-tab-title-2311\"><p>19h30 &#8211; 20h00 \u00a0&#8211; SOLENIDADE DE ABERTURA<\/p><p>20h00 \u2013 20h45 &#8211;\u00a0 <strong>Aula Magna: Anestesiologia: Para onde estamos indo?<br \/><\/strong><strong>Moderador: Dr. Danilo Campos Bas\u00edlio &#8211; GO<br \/><\/strong>Conferencista: Dr. Di\u00f3genes de Oliveira Silva &#8211; SC<\/p><p>20h45 \u2013 21h00 &#8211;\u00a0 Debate<\/p><p>21h00 &#8211; Coquetel<\/p><\/div>\n\t\t\t\t<\/div>\n\t\t\t\t\t\t\t<div class=\"elementor-toggle-item\">\n\t\t\t\t\t<div id=\"elementor-tab-title-2312\" class=\"elementor-tab-title\" data-tab=\"2\" role=\"tab\" aria-controls=\"elementor-tab-content-2312\" aria-expanded=\"false\">\n\t\t\t\t\t\t\t\t\t\t\t\t<span class=\"elementor-toggle-icon elementor-toggle-icon-left\" aria-hidden=\"true\">\n\t\t\t\t\t\t\t\t\t\t\t\t\t\t\t<span class=\"elementor-toggle-icon-closed\"><i class=\"fas fa-caret-right\"><\/i><\/span>\n\t\t\t\t\t\t\t\t<span class=\"elementor-toggle-icon-opened\"><i class=\"elementor-toggle-icon-opened fas fa-caret-up\"><\/i><\/span>\n\t\t\t\t\t\t\t\t\t\t\t\t\t<\/span>\n\t\t\t\t\t\t\t\t\t\t\t\t<a href=\"\" class=\"elementor-toggle-title\">20\/08\/2022 \u2013 S\u00e1bado<\/a>\n\t\t\t\t\t<\/div>\n\n\t\t\t\t\t<div id=\"elementor-tab-content-2312\" class=\"elementor-tab-content elementor-clearfix\" data-tab=\"2\" role=\"tabpanel\" aria-labelledby=\"elementor-tab-title-2312\"><p><strong>08h00 \u2013 09h55 &#8211; Mesa 01<\/strong><br \/><strong>Moderador:\u00a0 Dr. Antonio Fernando Carneiro \u2013 GO<\/strong><\/p><p>08h00 &#8211; 08h25 &#8211; <strong>Aula 1: Indicadores de qualidade de um grupo de anestesiologia<br \/><\/strong>Dr\u00aa Thais Orrico de Brito Can\u00e7ado &#8211; MS<\/p><p>08h25 \u2013 08h50 &#8211; <strong>Aula 2 &#8211; Como construir uma cultura de seguran\u00e7a<br \/><\/strong>Dr. Ant\u00f4nio Fernando Carneiro &#8211; GO<\/p><p>08h50 \u2013 09h15 &#8211; <strong>Aula 3: Acredita\u00e7\u00e3o Internacional de Servi\u00e7os de Anestesiologia<\/strong><br \/>Dr. Rubens Covello &#8211; SP<\/p><p>09h15 \u2013 09h40 &#8211; <strong>Aula 4: Empreendedorismo em anestesiologia<br \/><\/strong>Dr. Luiz Fernando dos Reis Falc\u00e3o &#8211; SP<\/p><p><strong>09h40 \u2013 09h55 &#8211;\u00a0 Debate<\/strong><\/p><p><strong>09h55 \u2013 10h25 &#8211;\u00a0 Coffee Break<\/strong><\/p><p><strong>10h25 \u2013 12h15 \u2013\u00a0 Mesa 02<\/strong><br \/><strong>Moderador:\u00a0\u00a0 Dr. Wagner Ricardo Soares de S\u00e1 \u2013 GO<\/strong><\/p><p>10h25 \u2013 10h50 &#8211;\u00a0 \u00a0<strong>Aula 5: Gera\u00e7\u00e3o de valor em Anestesia<br \/><\/strong>Dr. Mariano Paiva Souza &#8211; DF<\/p><p>10h50 \u2013 11h15\u00a0 &#8211; <strong>Aula 6: Impacto da verticaliza\u00e7\u00e3o da sa\u00fade na anestesiologia<br \/><\/strong>Dr. Luiz Fernando dos Reis Falc\u00e3o &#8211; SP<\/p><p>11h15 \u2013 11h40 &#8211; <strong>Aula 7: Redes Sociais e Marketing em anestesiologia<br \/><\/strong>Dr. Pablo Britto Detoni &#8211; BA<\/p><p><strong>11h40 \u2013 11h50 &#8211; Debate<\/strong><\/p><p>11h50 \u2013 12h15 &#8211; <strong>Aula 8: Nova Perspectivas em analgesia de parto<br \/><\/strong> A confirmar<\/p><p>12h15 \u2013 13h45<strong> &#8211; Simp\u00f3sio Sat\u00e9lite &#8211; Monitoriza\u00e7\u00e3o cerebral \u2013 Medtronic<br \/><\/strong>Dr. Rogean Rodrigues Nunes- CE<\/p><p>13h45 \u2013 14h10 &#8211; <strong>Aula 9: Qual o futuro da Monitoriza\u00e7\u00e3o?<br \/><\/strong>Dr. Bruno Mendes Carmona &#8211; PA<\/p><p><strong>14h \u2013 Apresenta\u00e7\u00e3o dos e-p\u00f4steres no Hall<\/strong><\/p><p><strong>13h45 \u2013 15h40 &#8211; Mesa 03<\/strong><br \/><strong>Moderador:\u00a0\u00a0 Dr. Filipe Maia Ara\u00fajo \u2013 GO<\/strong><\/p><p>14h10 \u2013 14h35 <strong>&#8211; Aula 10: IA na conduta e manejo na anestesiologia.\u00a0<\/strong> <br \/>Dr. Di\u00f3genes de Oliveira Silva &#8211; SC<\/p><p>14h35 \u2013 15h00 &#8211;\u00a0 \u00a0<strong>Aula 11: Perspectivas do uso dos relaxantes musculares e sua monitoriza\u00e7\u00e3o.<br \/><\/strong>Dra. Maria Angela Tardelli &#8211; SP<\/p><p>15h00 \u2013 15h25 &#8211;\u00a0 \u00a0<strong>Aula 12: Anafilaxia e anestesia &#8211; caso clinico e condutas atualizadas<br \/><\/strong>Dr. Heber de Moraes Penna \u2013 GO<\/p><p><strong>15h25 \u2013 15h40 &#8211;\u00a0 Debate<\/strong><\/p><p><strong>15h40 \u2013 16h10 &#8211;\u00a0 \u00a0Coffee break<\/strong><\/p><p><strong>16h10 \u2013 18h00 &#8211; Mesa 04<\/strong><br \/><strong>Moderador: \u00a0 Dr. Danilo Campos Bas\u00edlio \u2013 GO<\/strong><\/p><p>16h10 \u2013 16h35 &#8211;\u00a0 <strong>Aula 13: Auto cuidado e sa\u00fade mental p\u00f3s-pandemia<br \/><\/strong>Dr. Marcos Ant\u00f4nio Costa Albuquerque &#8211; SE<\/p><p>16h35 \u2013 17h00 &#8211; <strong>Aula 14: Planejamento de Carreira<br \/><\/strong>Dr. Rogerio Alves Ribeiro &#8211; DF<\/p><p>17h00 \u2013 17h40 &#8211;\u00a0 <strong>Aula 15: Autocuidado x Performance : existe rela\u00e7\u00e3o?<br \/><\/strong>A confirmar\u00a0<\/p><p><strong>17h40 \u2013 18h00 &#8211; Debate<\/strong><\/p><\/div>\n\t\t\t\t<\/div>\n\t\t\t\t\t\t\t<div class=\"elementor-toggle-item\">\n\t\t\t\t\t<div id=\"elementor-tab-title-2313\" class=\"elementor-tab-title\" data-tab=\"3\" role=\"tab\" aria-controls=\"elementor-tab-content-2313\" aria-expanded=\"false\">\n\t\t\t\t\t\t\t\t\t\t\t\t<span class=\"elementor-toggle-icon elementor-toggle-icon-left\" aria-hidden=\"true\">\n\t\t\t\t\t\t\t\t\t\t\t\t\t\t\t<span class=\"elementor-toggle-icon-closed\"><i class=\"fas fa-caret-right\"><\/i><\/span>\n\t\t\t\t\t\t\t\t<span class=\"elementor-toggle-icon-opened\"><i class=\"elementor-toggle-icon-opened fas fa-caret-up\"><\/i><\/span>\n\t\t\t\t\t\t\t\t\t\t\t\t\t<\/span>\n\t\t\t\t\t\t\t\t\t\t\t\t<a href=\"\" class=\"elementor-toggle-title\">Dia 21\/08 \u2013 Domingo<\/a>\n\t\t\t\t\t<\/div>\n\n\t\t\t\t\t<div id=\"elementor-tab-content-2313\" class=\"elementor-tab-content elementor-clearfix\" data-tab=\"3\" role=\"tabpanel\" aria-labelledby=\"elementor-tab-title-2313\"><p><strong>08h00 \u2013 09h30 &#8211; Mesa 5<\/strong><br \/><strong>Moderadora: Dr. Maisa Ribeiro Ara\u00fajo \u2013 GO<\/strong><\/p><p>08h00 \u2013 08h25 &#8211;\u00a0 <strong>Aula 16: Analise de desempenho e meritrocracia<br \/><\/strong>Dr\u00aa Thais Orrico de Brito Can\u00e7ado &#8211; MS<\/p><p>08h25 \u2013 08h50 &#8211; \u00a0<strong>Aula 17: Conflitos geracionais na anestesia<br \/><\/strong>Dr. Pl\u00ednio da Cunha Leal &#8211; MA<\/p><p>08h50 \u2013 09h15 &#8211; \u00a0<strong>Aula 18: Fim de carreira e aposentadoria<br \/><\/strong>Dr. Wagner Ricardo Soares de S\u00e1 &#8211; GO<\/p><p><strong>09h15 \u2013 09h30 &#8211;\u00a0 Debate<\/strong><\/p><p><strong>09h30 \u2013 10h00 &#8211; Coffee break<\/strong><\/p><p><strong>10h00 \u2013 11h30 \u2013\u00a0 Mesa 6<\/strong><br \/><strong> Moderadora: Dra. Nara Costa Dutra dos Santos &#8211; GO<\/strong><\/p><p>10h00 \u2013 10h25 &#8211; <strong>Aula 19: Futuro do mercado de trabalho em anestesiologia<br \/><\/strong>Dr. Vicente Faraon Fonseca &#8211; RS<\/p><p>10h25 \u2013 10h50 &#8211; <strong>Aula 20: Interioriza\u00e7\u00e3o da Anestesia, o papel das sociedades regionais<br \/><\/strong>A confirmar \u00a0<\/p><p>10h50 \u2013 11h15 &#8211; <strong>Aula 21: Cooperativismo em tempos de verticaliza\u00e7\u00e3o do mercado de sa\u00fade<br \/><\/strong>Dr. Haroldo Maciel Carneiro &#8211; GO<\/p><p><strong>11h15 \u2013 11h30 &#8211;\u00a0 Debate<\/strong><\/p><p><strong>12h00 \u2013 12h30 &#8211;\u00a0 \u00a0Solenidade de Encerramento<\/strong><\/p><\/div>\n\t\t\t\t<\/div>\n\t\t\t\t\t\t\t<div class=\"elementor-toggle-item\">\n\t\t\t\t\t<div id=\"elementor-tab-title-2314\" class=\"elementor-tab-title\" data-tab=\"4\" role=\"tab\" aria-controls=\"elementor-tab-content-2314\" aria-expanded=\"false\">\n\t\t\t\t\t\t\t\t\t\t\t\t<span class=\"elementor-toggle-icon elementor-toggle-icon-left\" aria-hidden=\"true\">\n\t\t\t\t\t\t\t\t\t\t\t\t\t\t\t<span class=\"elementor-toggle-icon-closed\"><i class=\"fas fa-caret-right\"><\/i><\/span>\n\t\t\t\t\t\t\t\t<span class=\"elementor-toggle-icon-opened\"><i class=\"elementor-toggle-icon-opened fas fa-caret-up\"><\/i><\/span>\n\t\t\t\t\t\t\t\t\t\t\t\t\t<\/span>\n\t\t\t\t\t\t\t\t\t\t\t\t<a href=\"\" class=\"elementor-toggle-title\">Reuni\u00f5es SBA<\/a>\n\t\t\t\t\t<\/div>\n\n\t\t\t\t\t<div id=\"elementor-tab-content-2314\" class=\"elementor-tab-content elementor-clearfix\" data-tab=\"4\" role=\"tabpanel\" aria-labelledby=\"elementor-tab-title-2314\"><p><strong>REUNI\u00c3O DIRETORIA DA SBA<\/strong><\/p><ul><li>DATA: 19\/08\/2022<\/li><li>HOR\u00c1RIO: 08h00 \u00e0s 17h00<\/li><\/ul><hr \/><p>\u00a0<\/p><p><strong>REUNI\u00c3O DA DIRETORIA DA SBA COM PRESIDENTES DE REGIONAIS<\/strong><\/p><ul><li>DATA: 20\/08\/2022<\/li><li>HOR\u00c1RIO: 09h00 \u00e0s 10h00<\/li><\/ul><hr \/><p>\u00a0<\/p><p><strong>REUNI\u00c3O DO CONSELHO SUPERIOR<\/strong><\/p><ul><li>DATA: 20\/08\/2022<\/li><li>HOR\u00c1RIO:\u00a0 1\u00aa Convoca\u00e7\u00e3o \u2013 10h15 \/ 2\u00aa Convoca\u00e7\u00e3o \u2013 10h45 \u00e0s 12h00<\/li><\/ul><\/div>\n\t\t\t\t<\/div>\n\t\t\t\t\t\t\t<div class=\"elementor-toggle-item\">\n\t\t\t\t\t<div id=\"elementor-tab-title-2315\" class=\"elementor-tab-title\" data-tab=\"5\" role=\"tab\" aria-controls=\"elementor-tab-content-2315\" aria-expanded=\"false\">\n\t\t\t\t\t\t\t\t\t\t\t\t<span class=\"elementor-toggle-icon elementor-toggle-icon-left\" aria-hidden=\"true\">\n\t\t\t\t\t\t\t\t\t\t\t\t\t\t\t<span class=\"elementor-toggle-icon-closed\"><i class=\"fas fa-caret-right\"><\/i><\/span>\n\t\t\t\t\t\t\t\t<span class=\"elementor-toggle-icon-opened\"><i class=\"elementor-toggle-icon-opened fas fa-caret-up\"><\/i><\/span>\n\t\t\t\t\t\t\t\t\t\t\t\t\t<\/span>\n\t\t\t\t\t\t\t\t\t\t\t\t<a href=\"\" class=\"elementor-toggle-title\">CRONOGRAMA N\u00daCLEO DO EU JABC 2022<\/a>\n\t\t\t\t\t<\/div>\n\n\t\t\t\t\t<div id=\"elementor-tab-content-2315\" class=\"elementor-tab-content elementor-clearfix\" data-tab=\"5\" role=\"tabpanel\" aria-labelledby=\"elementor-tab-title-2315\"><p><a href=\"https:\/\/evento.digital\/saego\/51jabc\/wp-content\/uploads\/2022\/08\/cronograma-Nucleo-do-Eu-JABC.jpg\"><img loading=\"lazy\" class=\"alignnone wp-image-367 size-large\" src=\"https:\/\/evento.digital\/saego\/51jabc\/wp-content\/uploads\/2022\/08\/cronograma-Nucleo-do-Eu-JABC-835x1024.jpg\" alt=\"\" width=\"800\" height=\"981\" srcset=\"https:\/\/evento.digital\/saego\/51jabc\/wp-content\/uploads\/2022\/08\/cronograma-Nucleo-do-Eu-JABC-835x1024.jpg 835w, https:\/\/evento.digital\/saego\/51jabc\/wp-content\/uploads\/2022\/08\/cronograma-Nucleo-do-Eu-JABC-245x300.jpg 245w, https:\/\/evento.digital\/saego\/51jabc\/wp-content\/uploads\/2022\/08\/cronograma-Nucleo-do-Eu-JABC-768x942.jpg 768w, https:\/\/evento.digital\/saego\/51jabc\/wp-content\/uploads\/2022\/08\/cronograma-Nucleo-do-Eu-JABC-1252x1536.jpg 1252w, https:\/\/evento.digital\/saego\/51jabc\/wp-content\/uploads\/2022\/08\/cronograma-Nucleo-do-Eu-JABC-1669x2048.jpg 1669w, https:\/\/evento.digital\/saego\/51jabc\/wp-content\/uploads\/2022\/08\/cronograma-Nucleo-do-Eu-JABC.jpg 1821w\" sizes=\"(max-width: 800px) 100vw, 800px\" \/><\/a><\/p><\/div>\n\t\t\t\t<\/div>\n\t\t\t\t\t\t\t\t<\/div>\n\t\t\t\t<\/div>\n\t\t\t\t<\/div>\n\t\t\t\t\t\t<\/div>\n\t\t\t\t\t<\/div>\n\t\t<\/div>\n\t\t\t\t\t\t\t\t<\/div>\n\t\t\t\t\t<\/div>\n\t\t<\/section>\n\t\t\t\t\t\t\t\t\t<\/div>\n\t\t\t<\/div>\n\t\t\t\t\t<\/div>\n\t\t","protected":false},"excerpt":{"rendered":"<p>Programa\u00e7\u00e3o 19\/08\/2022 &#8211; Sexta 19h30 &#8211; 20h00 \u00a0&#8211; SOLENIDADE DE ABERTURA 20h00 \u2013 20h45 &#8211;\u00a0 Aula Magna: Anestesiologia: Para onde estamos indo?Moderador: Dr. Danilo Campos Bas\u00edlio &#8211; GOConferencista: Dr. Di\u00f3genes de Oliveira Silva &#8211; SC 20h45 \u2013 21h00 &#8211;\u00a0 Debate 21h00 &#8211; Coquetel 20\/08\/2022 \u2013 S\u00e1bado 08h00 \u2013 09h55 &#8211; Mesa 01Moderador:\u00a0 Dr. Antonio Fernando [&hellip;]<\/p>\n","protected":false},"author":1,"featured_media":0,"parent":0,"menu_order":0,"comment_status":"closed","ping_status":"closed","template":"elementor_header_footer","meta":[],"yst_prominent_words":[],"_links":{"self":[{"href":"https:\/\/evento.digital\/saego\/51jabc\/wp-json\/wp\/v2\/pages\/37"}],"collection":[{"href":"https:\/\/evento.digital\/saego\/51jabc\/wp-json\/wp\/v2\/pages"}],"about":[{"href":"https:\/\/evento.digital\/saego\/51jabc\/wp-json\/wp\/v2\/types\/page"}],"author":[{"embeddable":true,"href":"https:\/\/evento.digital\/saego\/51jabc\/wp-json\/wp\/v2\/users\/1"}],"replies":[{"embeddable":true,"href":"https:\/\/evento.digital\/saego\/51jabc\/wp-json\/wp\/v2\/comments?post=37"}],"version-history":[{"count":61,"href":"https:\/\/evento.digital\/saego\/51jabc\/wp-json\/wp\/v2\/pages\/37\/revisions"}],"predecessor-version":[{"id":373,"href":"https:\/\/evento.digital\/saego\/51jabc\/wp-json\/wp\/v2\/pages\/37\/revisions\/373"}],"wp:attachment":[{"href":"https:\/\/evento.digital\/saego\/51jabc\/wp-json\/wp\/v2\/media?parent=37"}],"wp:term":[{"taxonomy":"yst_prominent_words","embeddable":true,"href":"https:\/\/evento.digital\/saego\/51jabc\/wp-json\/wp\/v2\/yst_prominent_words?post=37"}],"curies":[{"name":"wp","href":"https:\/\/api.w.org\/{rel}","templated":true}]}}