{"id":35,"date":"2020-02-14T11:45:43","date_gmt":"2020-02-14T14:45:43","guid":{"rendered":"https:\/\/evento.digital\/saego\/51jabc\/?page_id=35"},"modified":"2022-05-09T17:03:17","modified_gmt":"2022-05-09T20:03:17","slug":"comissoes","status":"publish","type":"page","link":"https:\/\/evento.digital\/saego\/51jabc\/comissoes\/","title":{"rendered":"Comiss\u00e3o"},"content":{"rendered":"\t\t<div data-elementor-type=\"wp-page\" data-elementor-id=\"35\" class=\"elementor elementor-35\">\n\t\t\t\t\t\t<div class=\"elementor-inner\">\n\t\t\t\t<div class=\"elementor-section-wrap\">\n\t\t\t\t\t\t\t\t\t<section class=\"elementor-section elementor-top-section elementor-element elementor-element-55b0622 elementor-section-boxed elementor-section-height-default elementor-section-height-default\" data-id=\"55b0622\" data-element_type=\"section\">\n\t\t\t\t\t\t<div class=\"elementor-container elementor-column-gap-default\">\n\t\t\t\t\t\t\t<div class=\"elementor-row\">\n\t\t\t\t\t<div class=\"elementor-column elementor-col-100 elementor-top-column elementor-element elementor-element-1b3194a\" data-id=\"1b3194a\" data-element_type=\"column\">\n\t\t\t<div class=\"elementor-column-wrap elementor-element-populated\">\n\t\t\t\t\t\t\t<div class=\"elementor-widget-wrap\">\n\t\t\t\t\t\t<div class=\"elementor-element elementor-element-6935f84 elementor-widget elementor-widget-spacer\" data-id=\"6935f84\" data-element_type=\"widget\" data-widget_type=\"spacer.default\">\n\t\t\t\t<div class=\"elementor-widget-container\">\n\t\t\t\t\t<div class=\"elementor-spacer\">\n\t\t\t<div class=\"elementor-spacer-inner\"><\/div>\n\t\t<\/div>\n\t\t\t\t<\/div>\n\t\t\t\t<\/div>\n\t\t\t\t\t\t<\/div>\n\t\t\t\t\t<\/div>\n\t\t<\/div>\n\t\t\t\t\t\t\t\t<\/div>\n\t\t\t\t\t<\/div>\n\t\t<\/section>\n\t\t\t\t<section class=\"elementor-section elementor-top-section elementor-element elementor-element-dcefcf5 elementor-section-boxed elementor-section-height-default elementor-section-height-default\" data-id=\"dcefcf5\" data-element_type=\"section\">\n\t\t\t\t\t\t<div class=\"elementor-container elementor-column-gap-default\">\n\t\t\t\t\t\t\t<div class=\"elementor-row\">\n\t\t\t\t\t<div class=\"elementor-column elementor-col-100 elementor-top-column elementor-element elementor-element-2647952\" data-id=\"2647952\" data-element_type=\"column\">\n\t\t\t<div class=\"elementor-column-wrap elementor-element-populated\">\n\t\t\t\t\t\t\t<div class=\"elementor-widget-wrap\">\n\t\t\t\t\t\t<div class=\"elementor-element elementor-element-f6a4fe1 elementor-widget elementor-widget-heading\" data-id=\"f6a4fe1\" data-element_type=\"widget\" data-widget_type=\"heading.default\">\n\t\t\t\t<div class=\"elementor-widget-container\">\n\t\t\t<h1 class=\"elementor-heading-title elementor-size-default\">Comiss\u00e3o Organizadora<\/h1>\t\t<\/div>\n\t\t\t\t<\/div>\n\t\t\t\t\t\t<\/div>\n\t\t\t\t\t<\/div>\n\t\t<\/div>\n\t\t\t\t\t\t\t\t<\/div>\n\t\t\t\t\t<\/div>\n\t\t<\/section>\n\t\t\t\t<section class=\"elementor-section elementor-top-section elementor-element elementor-element-11dc99c elementor-section-boxed elementor-section-height-default elementor-section-height-default\" data-id=\"11dc99c\" data-element_type=\"section\">\n\t\t\t\t\t\t<div class=\"elementor-container elementor-column-gap-default\">\n\t\t\t\t\t\t\t<div class=\"elementor-row\">\n\t\t\t\t\t<div class=\"elementor-column elementor-col-100 elementor-top-column elementor-element elementor-element-9742e50\" data-id=\"9742e50\" data-element_type=\"column\">\n\t\t\t<div class=\"elementor-column-wrap elementor-element-populated\">\n\t\t\t\t\t\t\t<div class=\"elementor-widget-wrap\">\n\t\t\t\t\t\t<div class=\"elementor-element elementor-element-75d7a1e elementor-widget elementor-widget-text-editor\" data-id=\"75d7a1e\" data-element_type=\"widget\" data-widget_type=\"text-editor.default\">\n\t\t\t\t<div class=\"elementor-widget-container\">\n\t\t\t\t\t\t\t\t<div class=\"elementor-text-editor elementor-clearfix\">\n\t\t\t\t<p><strong>DIRETORIA SAEGO &#8211; <\/strong>Gest\u00e3o 2021_2022<strong>&nbsp;<\/strong><\/p>\n<p><strong>Danilo Campos Bas\u00edlio<\/strong>&nbsp;\u2013 Presidente<\/p>\n<p><strong>Fabr\u00edcio Elias Le\u00e3o da Silveira &#8211; <\/strong>Vice-Presidente<\/p>\n<p><strong>Filipe Maia Ara\u00fajo<\/strong>&nbsp;\u2013&nbsp;Diretor Cient\u00edfico<\/p>\n<p><strong>Andr\u00e9 Luiz Braga das Dores<\/strong>\u2013&nbsp;Diretor de Defesa Profissional<\/p>\n<p><strong>Alinne El\u00e1lia de Assis Fagury<\/strong>&nbsp;\u2013&nbsp;1\u00aa Secret\u00e1ria<\/p>\n<p><strong>Fl\u00e1via Marques N. M. Gentelin<\/strong>&nbsp;\u2013&nbsp;2\u00aa Secret\u00e1ria<\/p>\n<p><strong>Igor P. Rabelo Naves<\/strong>&nbsp;\u2013&nbsp;1\u00aa Tesoureiro<\/p>\n<p><strong>Leonardo Brand\u00e3o<\/strong> &nbsp;\u2013&nbsp;2\u00ba Tesoureiro<\/p>\n<p><\/p>\t\t\t\t\t<\/div>\n\t\t\t\t\t\t<\/div>\n\t\t\t\t<\/div>\n\t\t\t\t\t\t<\/div>\n\t\t\t\t\t<\/div>\n\t\t<\/div>\n\t\t\t\t\t\t\t\t<\/div>\n\t\t\t\t\t<\/div>\n\t\t<\/section>\n\t\t\t\t\t\t\t\t\t<\/div>\n\t\t\t<\/div>\n\t\t\t\t\t<\/div>\n\t\t","protected":false},"excerpt":{"rendered":"<p>Comiss\u00e3o Organizadora DIRETORIA SAEGO &#8211; Gest\u00e3o 2021_2022&nbsp; Danilo Campos Bas\u00edlio&nbsp;\u2013 Presidente Fabr\u00edcio Elias Le\u00e3o da Silveira &#8211; Vice-Presidente Filipe Maia Ara\u00fajo&nbsp;\u2013&nbsp;Diretor Cient\u00edfico Andr\u00e9 Luiz Braga das Dores\u2013&nbsp;Diretor de Defesa Profissional Alinne El\u00e1lia de Assis Fagury&nbsp;\u2013&nbsp;1\u00aa Secret\u00e1ria Fl\u00e1via Marques N. M. Gentelin&nbsp;\u2013&nbsp;2\u00aa Secret\u00e1ria Igor P. Rabelo Naves&nbsp;\u2013&nbsp;1\u00aa Tesoureiro Leonardo Brand\u00e3o &nbsp;\u2013&nbsp;2\u00ba Tesoureiro<\/p>\n","protected":false},"author":1,"featured_media":0,"parent":0,"menu_order":0,"comment_status":"closed","ping_status":"closed","template":"elementor_header_footer","meta":[],"yst_prominent_words":[5,3,4,6],"_links":{"self":[{"href":"https:\/\/evento.digital\/saego\/51jabc\/wp-json\/wp\/v2\/pages\/35"}],"collection":[{"href":"https:\/\/evento.digital\/saego\/51jabc\/wp-json\/wp\/v2\/pages"}],"about":[{"href":"https:\/\/evento.digital\/saego\/51jabc\/wp-json\/wp\/v2\/types\/page"}],"author":[{"embeddable":true,"href":"https:\/\/evento.digital\/saego\/51jabc\/wp-json\/wp\/v2\/users\/1"}],"replies":[{"embeddable":true,"href":"https:\/\/evento.digital\/saego\/51jabc\/wp-json\/wp\/v2\/comments?post=35"}],"version-history":[{"count":9,"href":"https:\/\/evento.digital\/saego\/51jabc\/wp-json\/wp\/v2\/pages\/35\/revisions"}],"predecessor-version":[{"id":241,"href":"https:\/\/evento.digital\/saego\/51jabc\/wp-json\/wp\/v2\/pages\/35\/revisions\/241"}],"wp:attachment":[{"href":"https:\/\/evento.digital\/saego\/51jabc\/wp-json\/wp\/v2\/media?parent=35"}],"wp:term":[{"taxonomy":"yst_prominent_words","embeddable":true,"href":"https:\/\/evento.digital\/saego\/51jabc\/wp-json\/wp\/v2\/yst_prominent_words?post=35"}],"curies":[{"name":"wp","href":"https:\/\/api.w.org\/{rel}","templated":true}]}}