{"id":203,"date":"2022-05-04T12:05:00","date_gmt":"2022-05-04T15:05:00","guid":{"rendered":"https:\/\/evento.digital\/saego\/51jabc\/?page_id=203"},"modified":"2022-08-18T12:05:46","modified_gmt":"2022-08-18T15:05:46","slug":"inscricoes","status":"publish","type":"page","link":"https:\/\/evento.digital\/saego\/51jabc\/inscricoes\/","title":{"rendered":"Inscri\u00e7\u00f5es"},"content":{"rendered":"\t\t<div data-elementor-type=\"wp-page\" data-elementor-id=\"203\" class=\"elementor elementor-203\">\n\t\t\t\t\t\t<div class=\"elementor-inner\">\n\t\t\t\t<div class=\"elementor-section-wrap\">\n\t\t\t\t\t\t\t\t\t<section class=\"elementor-section elementor-top-section elementor-element elementor-element-55b0622 elementor-section-boxed elementor-section-height-default elementor-section-height-default\" data-id=\"55b0622\" data-element_type=\"section\">\n\t\t\t\t\t\t<div class=\"elementor-container elementor-column-gap-default\">\n\t\t\t\t\t\t\t<div class=\"elementor-row\">\n\t\t\t\t\t<div class=\"elementor-column elementor-col-100 elementor-top-column elementor-element elementor-element-1b3194a\" data-id=\"1b3194a\" data-element_type=\"column\">\n\t\t\t<div class=\"elementor-column-wrap elementor-element-populated\">\n\t\t\t\t\t\t\t<div class=\"elementor-widget-wrap\">\n\t\t\t\t\t\t<div class=\"elementor-element elementor-element-6935f84 elementor-widget elementor-widget-spacer\" data-id=\"6935f84\" data-element_type=\"widget\" data-widget_type=\"spacer.default\">\n\t\t\t\t<div class=\"elementor-widget-container\">\n\t\t\t\t\t<div class=\"elementor-spacer\">\n\t\t\t<div class=\"elementor-spacer-inner\"><\/div>\n\t\t<\/div>\n\t\t\t\t<\/div>\n\t\t\t\t<\/div>\n\t\t\t\t\t\t<\/div>\n\t\t\t\t\t<\/div>\n\t\t<\/div>\n\t\t\t\t\t\t\t\t<\/div>\n\t\t\t\t\t<\/div>\n\t\t<\/section>\n\t\t\t\t<section class=\"elementor-section elementor-top-section elementor-element elementor-element-dcefcf5 elementor-section-boxed elementor-section-height-default elementor-section-height-default\" data-id=\"dcefcf5\" data-element_type=\"section\">\n\t\t\t\t\t\t<div class=\"elementor-container elementor-column-gap-default\">\n\t\t\t\t\t\t\t<div class=\"elementor-row\">\n\t\t\t\t\t<div class=\"elementor-column elementor-col-100 elementor-top-column elementor-element elementor-element-2647952\" data-id=\"2647952\" data-element_type=\"column\">\n\t\t\t<div class=\"elementor-column-wrap elementor-element-populated\">\n\t\t\t\t\t\t\t<div class=\"elementor-widget-wrap\">\n\t\t\t\t\t\t<div class=\"elementor-element elementor-element-f6a4fe1 elementor-widget elementor-widget-heading\" data-id=\"f6a4fe1\" data-element_type=\"widget\" data-widget_type=\"heading.default\">\n\t\t\t\t<div class=\"elementor-widget-container\">\n\t\t\t<h1 class=\"elementor-heading-title elementor-size-default\">Inscri\u00e7\u00f5es<\/h1>\t\t<\/div>\n\t\t\t\t<\/div>\n\t\t\t\t<div class=\"elementor-element elementor-element-7fad18f elementor-widget elementor-widget-text-editor\" data-id=\"7fad18f\" data-element_type=\"widget\" data-widget_type=\"text-editor.default\">\n\t\t\t\t<div class=\"elementor-widget-container\">\n\t\t\t\t\t\t\t\t<div class=\"elementor-text-editor elementor-clearfix\">\n\t\t\t\t<h1>Inscri\u00e7\u00f5es pr\u00e9vias encerradas<\/h1><p>somente a partir de amanh\u00e3 na Secretaria do Evento do Castro\u00b4s a partir das 13h<\/p>\t\t\t\t\t<\/div>\n\t\t\t\t\t\t<\/div>\n\t\t\t\t<\/div>\n\t\t\t\t\t\t<\/div>\n\t\t\t\t\t<\/div>\n\t\t<\/div>\n\t\t\t\t\t\t\t\t<\/div>\n\t\t\t\t\t<\/div>\n\t\t<\/section>\n\t\t\t\t<section class=\"elementor-section elementor-top-section elementor-element elementor-element-11dc99c elementor-section-boxed elementor-section-height-default elementor-section-height-default\" data-id=\"11dc99c\" data-element_type=\"section\">\n\t\t\t\t\t\t<div class=\"elementor-container elementor-column-gap-default\">\n\t\t\t\t\t\t\t<div class=\"elementor-row\">\n\t\t\t\t\t<div class=\"elementor-column elementor-col-100 elementor-top-column elementor-element elementor-element-9742e50\" data-id=\"9742e50\" data-element_type=\"column\">\n\t\t\t<div class=\"elementor-column-wrap elementor-element-populated\">\n\t\t\t\t\t\t\t<div class=\"elementor-widget-wrap\">\n\t\t\t\t\t\t<div class=\"elementor-element elementor-element-75d7a1e elementor-widget elementor-widget-text-editor\" data-id=\"75d7a1e\" data-element_type=\"widget\" data-widget_type=\"text-editor.default\">\n\t\t\t\t<div class=\"elementor-widget-container\">\n\t\t\t\t\t\t\t\t<div class=\"elementor-text-editor elementor-clearfix\">\n\t\t\t\t<table width=\"606\">\n<tbody>\n<tr>\n<td width=\"180\"><strong>\u00a0<\/strong><\/td>\n<td width=\"151\"><strong>At\u00e9 01\/06\/22<\/strong><\/td>\n<td width=\"180\"><strong>At\u00e9 05\/08\/22<\/strong><\/td>\n<td width=\"95\"><strong>Ap\u00f3s 05\/08 e no local<\/strong><\/td>\n<\/tr>\n<tr>\n<td width=\"180\">S\u00d3CIOS ATIVO\/ADJUNTO<\/td>\n<td width=\"151\">R$ 500,00<\/td>\n<td width=\"180\">R$ 550,00<\/td>\n<td width=\"95\">R$ 600,00<\/td>\n<\/tr>\n<tr>\n<td width=\"180\">S\u00d3CIO ASPITANTE E RESIDENTE SBA\/MEC<\/td>\n<td width=\"151\">R$ 300,00<\/td>\n<td width=\"180\">R$ 350,00<\/td>\n<td width=\"95\">R$ 400,00<\/td>\n<\/tr>\n<tr>\n<td width=\"180\">ACAD\u00caMICO<\/td>\n<td width=\"151\">R$ 200,00<\/td>\n<td width=\"180\">R$ 250,00<\/td>\n<td width=\"95\">R$ 300,00<\/td>\n<\/tr>\n<tr>\n<td width=\"180\">MEMBRO DA LIGA DE ANESTESIOLOGIA<\/td>\n<td width=\"151\">R$ 150,00<\/td>\n<td width=\"180\">R$ 200,00<\/td>\n<td width=\"95\">R$ 250,00<\/td>\n<\/tr>\n<tr>\n<td width=\"180\">N\u00c3O S\u00d3CIOS<\/td>\n<td width=\"151\">R$ 600,00<\/td>\n<td width=\"180\">R$ 650,00<\/td>\n<td width=\"95\">R$ 700,00<\/td>\n<\/tr>\n<tr>\n<td width=\"180\">S\u00d3CIO REMIDO<\/td>\n<td colspan=\"3\" width=\"426\">ISENTO<\/td>\n<\/tr>\n<\/tbody>\n<\/table>\t\t\t\t\t<\/div>\n\t\t\t\t\t\t<\/div>\n\t\t\t\t<\/div>\n\t\t\t\t<div class=\"elementor-element elementor-element-ac11cf1 elementor-widget elementor-widget-text-editor\" data-id=\"ac11cf1\" data-element_type=\"widget\" data-widget_type=\"text-editor.default\">\n\t\t\t\t<div class=\"elementor-widget-container\">\n\t\t\t\t\t\t\t\t<div class=\"elementor-text-editor elementor-clearfix\">\n\t\t\t\t<p><strong>Dias 19 e 20\/08<\/strong><\/p><ul><li>PACOTE SAVA + JORNADA &#8211;\u00a0 R$ 2.200,00\u00a0<\/li><li>32 VAGAS<\/li><\/ul>\t\t\t\t\t<\/div>\n\t\t\t\t\t\t<\/div>\n\t\t\t\t<\/div>\n\t\t\t\t\t\t<\/div>\n\t\t\t\t\t<\/div>\n\t\t<\/div>\n\t\t\t\t\t\t\t\t<\/div>\n\t\t\t\t\t<\/div>\n\t\t<\/section>\n\t\t\t\t<section class=\"elementor-section elementor-top-section elementor-element elementor-element-50fa848 elementor-section-boxed elementor-section-height-default elementor-section-height-default\" data-id=\"50fa848\" data-element_type=\"section\">\n\t\t\t\t\t\t<div class=\"elementor-container elementor-column-gap-default\">\n\t\t\t\t\t\t\t<div class=\"elementor-row\">\n\t\t\t\t\t<div class=\"elementor-column elementor-col-100 elementor-top-column elementor-element elementor-element-b90d1f0\" data-id=\"b90d1f0\" data-element_type=\"column\">\n\t\t\t<div class=\"elementor-column-wrap\">\n\t\t\t\t\t\t\t<div class=\"elementor-widget-wrap\">\n\t\t\t\t\t\t\t\t<\/div>\n\t\t\t\t\t<\/div>\n\t\t<\/div>\n\t\t\t\t\t\t\t\t<\/div>\n\t\t\t\t\t<\/div>\n\t\t<\/section>\n\t\t\t\t\t\t\t\t\t<\/div>\n\t\t\t<\/div>\n\t\t\t\t\t<\/div>\n\t\t","protected":false},"excerpt":{"rendered":"<p>Inscri\u00e7\u00f5es Inscri\u00e7\u00f5es pr\u00e9vias encerradas somente a partir de amanh\u00e3 na Secretaria do Evento do Castro\u00b4s a partir das 13h \u00a0 At\u00e9 01\/06\/22 At\u00e9 05\/08\/22 Ap\u00f3s 05\/08 e no local S\u00d3CIOS ATIVO\/ADJUNTO R$ 500,00 R$ 550,00 R$ 600,00 S\u00d3CIO ASPITANTE E RESIDENTE SBA\/MEC R$ 300,00 R$ 350,00 R$ 400,00 ACAD\u00caMICO R$ 200,00 R$ 250,00 R$ 300,00 [&hellip;]<\/p>\n","protected":false},"author":1,"featured_media":0,"parent":0,"menu_order":0,"comment_status":"closed","ping_status":"closed","template":"elementor_header_footer","meta":[],"yst_prominent_words":[],"_links":{"self":[{"href":"https:\/\/evento.digital\/saego\/51jabc\/wp-json\/wp\/v2\/pages\/203"}],"collection":[{"href":"https:\/\/evento.digital\/saego\/51jabc\/wp-json\/wp\/v2\/pages"}],"about":[{"href":"https:\/\/evento.digital\/saego\/51jabc\/wp-json\/wp\/v2\/types\/page"}],"author":[{"embeddable":true,"href":"https:\/\/evento.digital\/saego\/51jabc\/wp-json\/wp\/v2\/users\/1"}],"replies":[{"embeddable":true,"href":"https:\/\/evento.digital\/saego\/51jabc\/wp-json\/wp\/v2\/comments?post=203"}],"version-history":[{"count":25,"href":"https:\/\/evento.digital\/saego\/51jabc\/wp-json\/wp\/v2\/pages\/203\/revisions"}],"predecessor-version":[{"id":362,"href":"https:\/\/evento.digital\/saego\/51jabc\/wp-json\/wp\/v2\/pages\/203\/revisions\/362"}],"wp:attachment":[{"href":"https:\/\/evento.digital\/saego\/51jabc\/wp-json\/wp\/v2\/media?parent=203"}],"wp:term":[{"taxonomy":"yst_prominent_words","embeddable":true,"href":"https:\/\/evento.digital\/saego\/51jabc\/wp-json\/wp\/v2\/yst_prominent_words?post=203"}],"curies":[{"name":"wp","href":"https:\/\/api.w.org\/{rel}","templated":true}]}}