{"id":194,"date":"2022-04-28T11:30:52","date_gmt":"2022-04-28T14:30:52","guid":{"rendered":"https:\/\/evento.digital\/saego\/51jabc\/?page_id=194"},"modified":"2022-04-28T11:32:16","modified_gmt":"2022-04-28T14:32:16","slug":"apresentacao","status":"publish","type":"page","link":"https:\/\/evento.digital\/saego\/51jabc\/apresentacao\/","title":{"rendered":"Apresenta\u00e7\u00e3o"},"content":{"rendered":"\t\t<div data-elementor-type=\"wp-page\" data-elementor-id=\"194\" class=\"elementor elementor-194\">\n\t\t\t\t\t\t<div class=\"elementor-inner\">\n\t\t\t\t<div class=\"elementor-section-wrap\">\n\t\t\t\t\t\t\t\t\t<section class=\"elementor-section elementor-top-section elementor-element elementor-element-55b0622 elementor-section-boxed elementor-section-height-default elementor-section-height-default\" data-id=\"55b0622\" data-element_type=\"section\">\n\t\t\t\t\t\t<div class=\"elementor-container elementor-column-gap-default\">\n\t\t\t\t\t\t\t<div class=\"elementor-row\">\n\t\t\t\t\t<div class=\"elementor-column elementor-col-100 elementor-top-column elementor-element elementor-element-1b3194a\" data-id=\"1b3194a\" data-element_type=\"column\">\n\t\t\t<div class=\"elementor-column-wrap elementor-element-populated\">\n\t\t\t\t\t\t\t<div class=\"elementor-widget-wrap\">\n\t\t\t\t\t\t<div class=\"elementor-element elementor-element-6935f84 elementor-widget elementor-widget-spacer\" data-id=\"6935f84\" data-element_type=\"widget\" data-widget_type=\"spacer.default\">\n\t\t\t\t<div class=\"elementor-widget-container\">\n\t\t\t\t\t<div class=\"elementor-spacer\">\n\t\t\t<div class=\"elementor-spacer-inner\"><\/div>\n\t\t<\/div>\n\t\t\t\t<\/div>\n\t\t\t\t<\/div>\n\t\t\t\t\t\t<\/div>\n\t\t\t\t\t<\/div>\n\t\t<\/div>\n\t\t\t\t\t\t\t\t<\/div>\n\t\t\t\t\t<\/div>\n\t\t<\/section>\n\t\t\t\t<section class=\"elementor-section elementor-top-section elementor-element elementor-element-dcefcf5 elementor-section-boxed elementor-section-height-default elementor-section-height-default\" data-id=\"dcefcf5\" data-element_type=\"section\">\n\t\t\t\t\t\t<div class=\"elementor-container elementor-column-gap-default\">\n\t\t\t\t\t\t\t<div class=\"elementor-row\">\n\t\t\t\t\t<div class=\"elementor-column elementor-col-100 elementor-top-column elementor-element elementor-element-2647952\" data-id=\"2647952\" data-element_type=\"column\">\n\t\t\t<div class=\"elementor-column-wrap elementor-element-populated\">\n\t\t\t\t\t\t\t<div class=\"elementor-widget-wrap\">\n\t\t\t\t\t\t<div class=\"elementor-element elementor-element-f6a4fe1 elementor-widget elementor-widget-heading\" data-id=\"f6a4fe1\" data-element_type=\"widget\" data-widget_type=\"heading.default\">\n\t\t\t\t<div class=\"elementor-widget-container\">\n\t\t\t<h1 class=\"elementor-heading-title elementor-size-default\">Apresenta\u00e7\u00e3o<\/h1>\t\t<\/div>\n\t\t\t\t<\/div>\n\t\t\t\t\t\t<\/div>\n\t\t\t\t\t<\/div>\n\t\t<\/div>\n\t\t\t\t\t\t\t\t<\/div>\n\t\t\t\t\t<\/div>\n\t\t<\/section>\n\t\t\t\t<section class=\"elementor-section elementor-top-section elementor-element elementor-element-11dc99c elementor-section-boxed elementor-section-height-default elementor-section-height-default\" data-id=\"11dc99c\" data-element_type=\"section\">\n\t\t\t\t\t\t<div class=\"elementor-container elementor-column-gap-default\">\n\t\t\t\t\t\t\t<div class=\"elementor-row\">\n\t\t\t\t\t<div class=\"elementor-column elementor-col-100 elementor-top-column elementor-element elementor-element-9742e50\" data-id=\"9742e50\" data-element_type=\"column\">\n\t\t\t<div class=\"elementor-column-wrap elementor-element-populated\">\n\t\t\t\t\t\t\t<div class=\"elementor-widget-wrap\">\n\t\t\t\t\t\t<div class=\"elementor-element elementor-element-75d7a1e elementor-widget elementor-widget-text-editor\" data-id=\"75d7a1e\" data-element_type=\"widget\" data-widget_type=\"text-editor.default\">\n\t\t\t\t<div class=\"elementor-widget-container\">\n\t\t\t\t\t\t\t\t<div class=\"elementor-text-editor elementor-clearfix\">\n\t\t\t\t<p>A medicina vem, em um crescente, evoluindo ao longo das d\u00e9cadas. Talvez a mais marcante evolu\u00e7\u00e3o foi a descoberta da anestesia em 1846 por Willian Thomas Green Morton. A tecnologia e a ci\u00eancia investida pela humanidade na anestesiologia, do \u00e9ter at\u00e9 os dias atuais, foi gigantesca.<\/p><p>Todas essas inova\u00e7\u00f5es tecnol\u00f3gicas s\u00e3o verdadeiros desafios que nos impelem a todos, anestesiologistas, o cont\u00ednuo aprimoramento, o cont\u00ednuo estudo.<\/p><p>Algo, no entanto, ficou em segundo plano por muito tempo, a rela\u00e7\u00e3o do anestesista com seu meio. De forma mais clara, a organiza\u00e7\u00e3o do seu trabalho, tanto interpessoal, vide os grupos de anestesia; vide o mercado, este sim, em pleno processo de mudan\u00e7a acelerada depois do in\u00edcio da verticaliza\u00e7\u00e3o clara da sa\u00fade, como consigo mesmo, notadamente de maneira mais importante depois da pandemia do COVID 19 o desmoronamento ps\u00edquico destes profissionais.<\/p><p>Outro grande ponto de inflex\u00e3o \u00e9 a seguran\u00e7a do paciente. Nunca foi t\u00e3o bem compreendido a import\u00e2ncia de se garantir processos seguros para resultados cada vez melhores. A seguran\u00e7a do ato anest\u00e9sico passou a ser tema de jornadas e congressos e se consolida como parte fundamental e indivis\u00edvel da qualidade anest\u00e9sica.<\/p><p>O que o futuro nos reserva e como estamos encarando todas essas mudan\u00e7as e incertezas, \u00e9 esse o caminho que a 51 JABC vai trilhar para contribuir para o engrandecimento da especialidade.<\/p><p>Desejamos a todos uma excelente Jornada!!!!<\/p><p>Comiss\u00e3o organizada da 51\u00aa JABC<\/p>\t\t\t\t\t<\/div>\n\t\t\t\t\t\t<\/div>\n\t\t\t\t<\/div>\n\t\t\t\t\t\t<\/div>\n\t\t\t\t\t<\/div>\n\t\t<\/div>\n\t\t\t\t\t\t\t\t<\/div>\n\t\t\t\t\t<\/div>\n\t\t<\/section>\n\t\t\t\t\t\t\t\t\t<\/div>\n\t\t\t<\/div>\n\t\t\t\t\t<\/div>\n\t\t","protected":false},"excerpt":{"rendered":"<p>Apresenta\u00e7\u00e3o A medicina vem, em um crescente, evoluindo ao longo das d\u00e9cadas. Talvez a mais marcante evolu\u00e7\u00e3o foi a descoberta da anestesia em 1846 por Willian Thomas Green Morton. A tecnologia e a ci\u00eancia investida pela humanidade na anestesiologia, do \u00e9ter at\u00e9 os dias atuais, foi gigantesca. Todas essas inova\u00e7\u00f5es tecnol\u00f3gicas s\u00e3o verdadeiros desafios que [&hellip;]<\/p>\n","protected":false},"author":1,"featured_media":0,"parent":0,"menu_order":0,"comment_status":"closed","ping_status":"closed","template":"elementor_header_footer","meta":[],"yst_prominent_words":[],"_links":{"self":[{"href":"https:\/\/evento.digital\/saego\/51jabc\/wp-json\/wp\/v2\/pages\/194"}],"collection":[{"href":"https:\/\/evento.digital\/saego\/51jabc\/wp-json\/wp\/v2\/pages"}],"about":[{"href":"https:\/\/evento.digital\/saego\/51jabc\/wp-json\/wp\/v2\/types\/page"}],"author":[{"embeddable":true,"href":"https:\/\/evento.digital\/saego\/51jabc\/wp-json\/wp\/v2\/users\/1"}],"replies":[{"embeddable":true,"href":"https:\/\/evento.digital\/saego\/51jabc\/wp-json\/wp\/v2\/comments?post=194"}],"version-history":[{"count":4,"href":"https:\/\/evento.digital\/saego\/51jabc\/wp-json\/wp\/v2\/pages\/194\/revisions"}],"predecessor-version":[{"id":198,"href":"https:\/\/evento.digital\/saego\/51jabc\/wp-json\/wp\/v2\/pages\/194\/revisions\/198"}],"wp:attachment":[{"href":"https:\/\/evento.digital\/saego\/51jabc\/wp-json\/wp\/v2\/media?parent=194"}],"wp:term":[{"taxonomy":"yst_prominent_words","embeddable":true,"href":"https:\/\/evento.digital\/saego\/51jabc\/wp-json\/wp\/v2\/yst_prominent_words?post=194"}],"curies":[{"name":"wp","href":"https:\/\/api.w.org\/{rel}","templated":true}]}}