{"id":17,"date":"2020-02-14T11:17:12","date_gmt":"2020-02-14T14:17:12","guid":{"rendered":"https:\/\/evento.digital\/saego\/51jabc\/?page_id=17"},"modified":"2022-08-26T10:03:11","modified_gmt":"2022-08-26T13:03:11","slug":"home","status":"publish","type":"page","link":"https:\/\/evento.digital\/saego\/51jabc\/","title":{"rendered":"Home"},"content":{"rendered":"\t\t<div data-elementor-type=\"wp-page\" data-elementor-id=\"17\" class=\"elementor elementor-17\">\n\t\t\t\t\t\t<div class=\"elementor-inner\">\n\t\t\t\t<div class=\"elementor-section-wrap\">\n\t\t\t\t\t\t\t\t\t<section class=\"elementor-section elementor-top-section elementor-element elementor-element-8df3805 elementor-section-full_width elementor-section-height-default elementor-section-height-default\" data-id=\"8df3805\" data-element_type=\"section\">\n\t\t\t\t\t\t<div class=\"elementor-container elementor-column-gap-default\">\n\t\t\t\t\t\t\t<div class=\"elementor-row\">\n\t\t\t\t\t<div class=\"elementor-column elementor-col-100 elementor-top-column elementor-element elementor-element-1c97922\" data-id=\"1c97922\" data-element_type=\"column\">\n\t\t\t<div class=\"elementor-column-wrap elementor-element-populated\">\n\t\t\t\t\t\t\t<div class=\"elementor-widget-wrap\">\n\t\t\t\t\t\t<div class=\"elementor-element elementor-element-c7cb9e8 elementor-widget elementor-widget-image\" data-id=\"c7cb9e8\" data-element_type=\"widget\" data-widget_type=\"image.default\">\n\t\t\t\t<div class=\"elementor-widget-container\">\n\t\t\t\t\t\t\t\t<div class=\"elementor-image\">\n\t\t\t\t\t\t\t\t\t\t\t\t<img width=\"2000\" height=\"400\" src=\"https:\/\/evento.digital\/saego\/51jabc\/wp-content\/uploads\/2022\/02\/banner.png\" class=\"attachment-full size-full\" alt=\"\" loading=\"lazy\" srcset=\"https:\/\/evento.digital\/saego\/51jabc\/wp-content\/uploads\/2022\/02\/banner.png 2000w, https:\/\/evento.digital\/saego\/51jabc\/wp-content\/uploads\/2022\/02\/banner-300x60.png 300w, https:\/\/evento.digital\/saego\/51jabc\/wp-content\/uploads\/2022\/02\/banner-1024x205.png 1024w, https:\/\/evento.digital\/saego\/51jabc\/wp-content\/uploads\/2022\/02\/banner-768x154.png 768w, https:\/\/evento.digital\/saego\/51jabc\/wp-content\/uploads\/2022\/02\/banner-1536x307.png 1536w, https:\/\/evento.digital\/saego\/51jabc\/wp-content\/uploads\/2022\/02\/banner-80x16.png 80w\" sizes=\"(max-width: 2000px) 100vw, 2000px\" \/>\t\t\t\t\t\t\t\t\t\t\t\t\t\t<\/div>\n\t\t\t\t\t\t<\/div>\n\t\t\t\t<\/div>\n\t\t\t\t<div class=\"elementor-element elementor-element-8d23484 elementor-widget elementor-widget-text-editor\" data-id=\"8d23484\" data-element_type=\"widget\" data-widget_type=\"text-editor.default\">\n\t\t\t\t<div class=\"elementor-widget-container\">\n\t\t\t\t\t\t\t\t<div class=\"elementor-text-editor elementor-clearfix\">\n\t\t\t\t<h1>Certificados<\/h1><p>Clique no bot\u00e3o abaixo para emiss\u00e3o do seu certificado de participa\u00e7\u00e3o<\/p>\t\t\t\t\t<\/div>\n\t\t\t\t\t\t<\/div>\n\t\t\t\t<\/div>\n\t\t\t\t<div class=\"elementor-element elementor-element-a8828a3 elementor-align-center elementor-widget elementor-widget-button\" data-id=\"a8828a3\" data-element_type=\"widget\" data-widget_type=\"button.default\">\n\t\t\t\t<div class=\"elementor-widget-container\">\n\t\t\t\t\t<div class=\"elementor-button-wrapper\">\n\t\t\t<a href=\"https:\/\/evento.digital\/saego\/51jabc\/certificados\/\" class=\"elementor-button-link elementor-button elementor-size-sm\" role=\"button\">\n\t\t\t\t\t\t<span class=\"elementor-button-content-wrapper\">\n\t\t\t\t\t\t<span class=\"elementor-button-text\">Emitir Certificado<\/span>\n\t\t<\/span>\n\t\t\t\t\t<\/a>\n\t\t<\/div>\n\t\t\t\t<\/div>\n\t\t\t\t<\/div>\n\t\t\t\t\t\t<\/div>\n\t\t\t\t\t<\/div>\n\t\t<\/div>\n\t\t\t\t\t\t\t\t<\/div>\n\t\t\t\t\t<\/div>\n\t\t<\/section>\n\t\t\t\t\t\t\t\t\t<\/div>\n\t\t\t<\/div>\n\t\t\t\t\t<\/div>\n\t\t","protected":false},"excerpt":{"rendered":"<p>Certificados Clique no bot\u00e3o abaixo para emiss\u00e3o do seu certificado de participa\u00e7\u00e3o Emitir Certificado<\/p>\n","protected":false},"author":1,"featured_media":0,"parent":0,"menu_order":0,"comment_status":"closed","ping_status":"closed","template":"elementor_header_footer","meta":[],"yst_prominent_words":[],"_links":{"self":[{"href":"https:\/\/evento.digital\/saego\/51jabc\/wp-json\/wp\/v2\/pages\/17"}],"collection":[{"href":"https:\/\/evento.digital\/saego\/51jabc\/wp-json\/wp\/v2\/pages"}],"about":[{"href":"https:\/\/evento.digital\/saego\/51jabc\/wp-json\/wp\/v2\/types\/page"}],"author":[{"embeddable":true,"href":"https:\/\/evento.digital\/saego\/51jabc\/wp-json\/wp\/v2\/users\/1"}],"replies":[{"embeddable":true,"href":"https:\/\/evento.digital\/saego\/51jabc\/wp-json\/wp\/v2\/comments?post=17"}],"version-history":[{"count":35,"href":"https:\/\/evento.digital\/saego\/51jabc\/wp-json\/wp\/v2\/pages\/17\/revisions"}],"predecessor-version":[{"id":423,"href":"https:\/\/evento.digital\/saego\/51jabc\/wp-json\/wp\/v2\/pages\/17\/revisions\/423"}],"wp:attachment":[{"href":"https:\/\/evento.digital\/saego\/51jabc\/wp-json\/wp\/v2\/media?parent=17"}],"wp:term":[{"taxonomy":"yst_prominent_words","embeddable":true,"href":"https:\/\/evento.digital\/saego\/51jabc\/wp-json\/wp\/v2\/yst_prominent_words?post=17"}],"curies":[{"name":"wp","href":"https:\/\/api.w.org\/{rel}","templated":true}]}}